{"id":439,"date":"2017-07-16T20:28:12","date_gmt":"2017-07-16T19:28:12","guid":{"rendered":"https:\/\/seoframe.com\/?page_id=439"},"modified":"2020-10-12T17:46:21","modified_gmt":"2020-10-12T16:46:21","slug":"pagina-web-comercio-elecronico","status":"publish","type":"page","link":"https:\/\/seoframe.com\/es\/pagina-web-comercio-elecronico\/","title":{"rendered":"P\u00e1gina Web y Comercio Electr\u00f3nico WordPress.Blog"},"content":{"rendered":"<p><\/p>\n<h2>WP Masters-P\u00e1ginas Web y Comercio Electr\u00f3nico Optimizados<\/h2>\n<h3><span style=\"color: #333399;\">En Seoframe.com puedes comprar tu Negocio Online LISTO por 190\u20ac<br \/>\n<\/span><\/h3>\n<p>&nbsp;<\/p>\n<p style=\"text-align: left;\"><em><span style=\"color: #000000;\"><span style=\"text-decoration: underline;\">P\u00c1GINA WEB ,BLOG O COMERCIO ELECTR\u00d3NICO &#8211; RECIBE TU PROYECTO LISTO PARA\u00a0 REDACTAR<\/span><\/span><\/em><\/p>\n<p><strong><span style=\"text-decoration: underline;\">P\u00e1go \u00danico<\/span><\/strong> (<a href=\"https:\/\/seoframe.com\/seo-hosting\/\">tarifas de hosting<\/a> seg\u00fan el plan elegido).<\/p>\n<p><strong>Elege f\u00e1cil tu proyecto web<\/strong> <strong>listo para triunfar online<br \/>\n<\/strong><\/p>\n<p>Cuando eliges una de las instalaci\u00f3nes tienes que saber unos par\u00e1metros b\u00e1sicos. Para poder realizar el pedido muy f\u00e1cil y r\u00e1pido te recomendamos elegir correctamente la instalaci\u00f3n web que mejor se adapta a tus necesidades. (<em>No te preocupes si al principio haz elegido mal<\/em> ). Si nos avisas a tiempo siempre podemos corregir tu elecci\u00f3n y el importe del pago si es necesario.<\/p>\n<p style=\"text-align: center;\"><img loading=\"lazy\" decoding=\"async\" class=\"alignleft wp-image-620 size-medium\" title=\"p\u00e1gina web ,comercio electr\u00f3nico\" src=\"https:\/\/seoframe.com\/wp-content\/uploads\/2017\/07\/p\u00e1gina-web-comercio-electr\u00f3nico-300x262.jpg\" alt=\"p\u00e1gina web ,comercio electr\u00f3nico\" width=\"300\" height=\"262\" srcset=\"https:\/\/seoframe.com\/wp-content\/uploads\/2017\/07\/p\u00e1gina-web-comercio-electr\u00f3nico-300x262.jpg 300w, https:\/\/seoframe.com\/wp-content\/uploads\/2017\/07\/p\u00e1gina-web-comercio-electr\u00f3nico-150x131.jpg 150w, https:\/\/seoframe.com\/wp-content\/uploads\/2017\/07\/p\u00e1gina-web-comercio-electr\u00f3nico-600x524.jpg 600w, https:\/\/seoframe.com\/wp-content\/uploads\/2017\/07\/p\u00e1gina-web-comercio-electr\u00f3nico.jpg 706w\" sizes=\"(max-width: 300px) 100vw, 300px\" \/><\/p>\n<p>&nbsp;<\/p>\n<p>&nbsp;<\/p>\n<p>&nbsp;<\/p>\n<p>&nbsp;<\/p>\n<p>&nbsp;<\/p>\n<p>&nbsp;<\/p>\n<p>&nbsp;<\/p>\n<p>&nbsp;<\/p>\n<p>SOBRE TODO PIENSA CON LA PERSPECTIVA SEO PARA TU PROYECTO<\/p>\n<p><span style=\"text-decoration: underline;\"><strong>Que debemos saber sobre tu sitio web<\/strong> para que puedes elegir la instalaci\u00f3n web apropiada y nosotros realizarla de la mejor manera posible<\/span>\u00a0 :<\/p>\n<p>&nbsp;<\/p>\n<p>-El nombre que haz pensado para la web. (Nosotros elegimos el dominio y lo instalamos despu\u00e9s de tu aprobaci\u00f3n y solo cuando nos aseguramos que el dominio no tiene mala fama, usando nuestras herramientas).<\/p>\n<p>-De que negocio o servicios se trata tu proyecto online -tienda, consultor\u00eda, blog de servicios o otro tipo.<\/p>\n<p>-Cuantas webs necesitas-piensas hacer muchas instalaciones web o necesitaras solo una.<\/p>\n<p>-En cuantas idiomas funcionar\u00e1 la web. Si necesitas instalaci\u00f3n en varias idiomas puedes seleccionar hasta tres diferentes idiomas.<\/p>\n<p>-Instalaci\u00f3n Completa. Una instalaci\u00f3n impecable:( por ejemplo) -estructura,SEO y dise\u00f1o,cookies,pagos,env\u00edos,IVA. Tambi\u00e9n los widgets sociales como G+ y Facebook. O solo quieres que instalamos la web en estado b\u00e1sico y tu la modificaras luego a tu gusto. Necesitas mantenimiento del contenido y del SEO o no&#8230;<\/p>\n<h4>-Ejemplo-<\/h4>\n<p><strong>WordPress o Blogger<\/strong><\/p>\n<p>WordPress es una instalaci\u00f3n muy completa y profesional y sin duda un poco m\u00e1s complicada a manejar para un principiante. Blogger tiene sus trucos de dise\u00f1o y trucos SEO. Teniendo un poco de experiencia se puede manejar f\u00e1cilmente. Si necesitas un comercio electr\u00f3nico sin duda debemos elegir WordPress y Woocommerce.<\/p>\n<p>Es muy interesante comparar Blogger y WordPress si NO necesitas tienda online y no te pagan a trav\u00e9s de la web. En el Blogger c\u00e1si no gastar\u00e1s nada y el dise\u00f1o puede ser bastante m\u00e1s limitado. Despu\u00e9s de tantos a\u00f1os trabajando con el Blogger sobre el SEO podemos decir sin ninguna duda que nos podemos acercar a WordPress. Con Blogger hemos tenido incluso resultados SEO mejores que con CMS sofisticadas.<\/p>\n<p><span style=\"text-decoration: underline;\"><strong>La Elecci\u00f3n<\/strong><\/span> :<\/p>\n<p>-Si tu proyecto tiene que ser impecable o necesitas comercio online debes usar WordPress.<\/p>\n<p>-Si para ti el dise\u00f1o no es muy importante y los clientes no te pagan online,tambi\u00e9n puedes optar por Blogger.<\/p>\n<hr \/>\n<h4><em>Informaci\u00f3n sobre los Precios y el Mantenimiento anual:<\/em><\/h4>\n<p>-Wordpress lleva solo dos costes permanentes si no compramos plugins de pago. Uno es el hosting que ya est\u00e1 incluido en tu pedido,dependiendo de tu elecci\u00f3n. El otro coste es el dominio ( el nombre \u00fanico de tu web) que tambi\u00e9n est\u00e1 incluido el primer a\u00f1o<\/p>\n<p><span style=\"text-decoration: underline;\">As\u00ed que con WordPress -Anualmente no pagas nada m\u00e1s de tu plan de hosting anual y tu dominio<br \/>\n<\/span><\/p>\n<p>-Blogger. En blogger no necesitamos hosting porque tener un blog en los servidores de Google es Gratis. Si no tenemos que mantener el contenido y el SEO de tu Blog,entonces no pagas nada m\u00e1s que tu instalaci\u00f3n. El pago de la instalaci\u00f3n es pago \u00danico. Otra opci\u00f3n es si quieres Blogger con tu propio dominio. En este caso por supuesto pagas solo el dominio cada a\u00f1o. El coste de un dominio normalmente no supera 15\u20ac al a\u00f1o.<\/p>\n<p><strong>Si estas preparado a <\/strong><a href=\"https:\/\/seoframe.com\/servicios-web\/#formulario\"><strong>pedir tu proyecto web env\u00edanos tus ideas<\/strong><\/a><\/p>\n<p>&nbsp;<\/p>\n<p>Puedes elegir entre dos opciones principales-p\u00e1gina web o comercio electr\u00f3nico \/ portal de anuncios. En las dos instalamos WordPress-el sistema de gesti\u00f3n de contenido m\u00e1s efectiva y popular en el mundo.<\/p>\n<h4 style=\"text-align: center;\"><span style=\"text-decoration: underline;\">Las ventajas de instalar tu web con Seoframe<\/span>:<\/h4>\n<p>-Entre las opciones te ofrecemos instalar tu web o tu comercio en varias idiomas,con distintos widgets y plugins.<\/p>\n<p>-Somos SEO apasionados. La optimizaci\u00f3n es una parte vital para cualquier p\u00e1gina web,comercio o blog. Sin posicionamiento adecuado tu negocio no ser\u00e1 visible para el publico. Entonces si haces un proyecto online debes estar seguro que tus clientes potenciales te pueden encontrar.<\/p>\n<p>-Sobre la tema del SEO,somos los \u00danicos que te ofrecemos una Garant\u00eda SEO Real. Por esto prometemos una devoluci\u00f3n del dinero si no est\u00e1s posicionado en Google donde\u00a0exactamente hemos prometido.<\/p>\n<p>-Aunque no haz contratado optimizaci\u00f3n,siempre puedes contar con nuestra ayuda durante tu instalaci\u00f3n.<\/p>\n<p>-Somos especialistas en Blogger y podemos conectar tu web con Blogger de tal manera que obtendras m\u00e1s visitas y clientes potenciales para tu negocio.<\/p>\n<hr \/>\n<p style=\"text-align: center;\"><strong><span style=\"text-decoration: underline;\"><span style=\"color: #333399; text-decoration: underline;\">Control y comprobaci\u00f3n de optimizaci\u00f3n Gratis<\/span><\/span><br \/>\n<\/strong><\/p>\n<p style=\"text-align: center;\">Comprueba Gratis tu Optimizaci\u00f3n con Agencia SEO Espa\u00f1a Seoframe.com<\/p>\n<p style=\"text-align: center;\">Colaboramos para una creaci\u00f3n y optimizaci\u00f3n completa de tu s\u00edtio con varias herramientas profesionales. As\u00ed comprobamos 100% de los datos claves para el posicionamiento SEO de las p\u00e1ginas web (Espa\u00f1a y Internacionales). De esta manera podemos diagnosticar las faltas en tu SEO y corregirlas o dirigirnos hac\u00eda el proveedor de tu s\u00edtio web o tu hosting.<\/p>\n<p style=\"text-align: center;\"><img loading=\"lazy\" decoding=\"async\" class=\"aligncenter wp-image-178 size-medium\" title=\"Optimizaci\u00f3n web,comprueba tu seo gratis,Agencia SEO Espa\u00f1a y Internacional\" src=\"https:\/\/seoframe.com\/wp-content\/uploads\/2017\/07\/comprueba-tu-seocontrolsello-optimizaci\u00f3n-300x182.jpg\" alt=\"Optimizaci\u00f3n web,comprueba tu seo gratis ,Agencia SEO Espa\u00f1a y Internacional\" width=\"300\" height=\"182\" srcset=\"https:\/\/seoframe.com\/wp-content\/uploads\/2017\/07\/comprueba-tu-seocontrolsello-optimizaci\u00f3n-300x182.jpg 300w, https:\/\/seoframe.com\/wp-content\/uploads\/2017\/07\/comprueba-tu-seocontrolsello-optimizaci\u00f3n-150x91.jpg 150w, https:\/\/seoframe.com\/wp-content\/uploads\/2017\/07\/comprueba-tu-seocontrolsello-optimizaci\u00f3n.jpg 342w\" sizes=\"(max-width: 300px) 100vw, 300px\" \/><\/p>\n<p style=\"text-align: center;\"><span style=\"text-decoration: underline;\"> Ingredientes importantes para el posicionamiento en Google &#8211; el Hosting<\/span><\/p>\n<p style=\"text-align: center;\">-Hecha un Vistazo a todos los detalles y compara los <a href=\"https:\/\/seoframe.com\/seo-hosting\/\">Planes de Hosting de Seoframe<\/a> .<\/p>\n<p style=\"text-align: center;\"><span style=\"text-decoration: underline; color: #333399;\">Hemos desarrollado una configuraci\u00f3n \u00fanica para mejorar y controlar el proceso de optimizaci\u00f3n<\/span><\/p>\n<p style=\"text-align: center;\">CONSIGUE EL <a href=\"https:\/\/seoframe.com\/seo-confianza-sello\/\">SELLO DE LA OPTIMIZACI\u00d3N DE TU S\u00cdTIO WEB<\/a><br \/>\n<span style=\"color: #333399;\">GRATIS SI TRABAJAS CON NOSOTROS<\/span><\/p>\n<p style=\"text-align: center;\">Con esta herramienta controlamos la optimizaci\u00f3n de las p\u00e1ginas m\u00e1s importantes de tu negocio. Sin embargo el sello de optimizaci\u00f3n no aumenta solo la confianza. Su<strong> funci\u00f3n m\u00e1s imprescindible<\/strong> es que nos indica si la p\u00e1gina en cuesti\u00f3n ha conseguido los puntos SEO necesarios y lo m\u00e1s importante- si los mantiene permanente. Para saber m\u00e1s como funciona entra en SEO Confianza &#8211; Sello.<\/p>\n<p style=\"text-align: center;\">Sal de dudas sobre los problemas que pueden causar la mala visibilidad de tu sitio en Google. Comprobando el SEO averiguamos sobre todo la capacid\u00e1d real de la web para conseguir mejores resultados.Luego trabajamos sobre la parte de la optimizaci\u00f3n que debe corregirse.<\/p>\n<p style=\"text-align: center;\">\u00bf<span style=\"text-decoration: underline;\">Nesecitas otros servicios profesionales web<\/span>?<\/p>\n<p style=\"text-align: center;\">Descubre todos nuestros servicios y <a href=\"https:\/\/seoframe.com\/servicios-web\/\">envia tu pregunta a nuestro equipo<\/a><\/p>\n<h4 style=\"text-align: center;\">Comprobacion Profesional de Optimizaci\u00f3n<\/h4>\n<p style=\"text-align: center;\">Encontramos todos errores de tu SEO y trabajamos juntos para eliminarlas y alcanzar los mejores resultados en los buscadores.<\/p>\n<p style=\"text-align: center;\">En Agencia SEO seoframe.com conectamos con web masters , empresas de marketing online y los proveedores de hosting. Esto nos permite mejorar y optimizar al m\u00e1ximo las p\u00e1ginas web de nuestros colaboradores y usuarios.<\/p>\n<p style=\"text-align: center;\">Sin embargo detectamos con frecuencia p\u00e1ginas (tambi\u00e9n de webmasters y de marketing online) con muchos errores. Parece que m\u00e1s habituales son las duplicaciones. Tambi\u00e9n la falta o el orden mezclado en los tags y configuraci\u00f3nes del servidor que no son las adecuadas.<\/p>\n<h4 style=\"text-align: center;\"><a href=\"https:\/\/seoframe.com\/comprobar-seo-gratis\/\"><em><span style=\"text-decoration: underline;\">Comprueba Gratis tu SEO<\/span><\/em><\/a><\/h4>\n<p style=\"text-align: center;\">A parte del SEO Google y el resto de buscadores califican las p\u00e1ginas web dependiendo de varios par\u00e1metros adicionales.<\/p>\n<p style=\"text-align: center;\"><span style=\"text-decoration: underline;\">Podemos distinguir dos tipos de comprobaci\u00f3n<\/span><\/p>\n<p style=\"text-align: center;\">a) Comprobaci\u00f3n SEO te\u00f3rica (se tiene en cuenta solo el SEO).<br \/>\nb) An\u00e1lisis pr\u00e1ctico m\u00e1s profundo que contiene tambi\u00e9n el SEO,pero comprueba el \u00ab<a href=\"https:\/\/en.wikipedia.org\/wiki\/Search_engine_optimization_metrics\" target=\"_blank\" rel=\"nofollow noopener noreferrer\">traffic score<\/a>\u00bb y el \u00abspeed score\u00bb-la <a href=\"https:\/\/seoframe.com\/seo-profesional-web\/#hosting\">velocidad del servidor<\/a>.<br \/>\n\u00bfEntonces cual es la posici\u00f3n real que debe ocupar un sitio en el <a href=\"https:\/\/es.wikipedia.org\/wiki\/P%C3%A1gina_de_resultados_del_buscador#SERP_org.C3.A1nico\" target=\"_blank\" rel=\"nofollow noopener noreferrer\">Google SERP org\u00e1nico<\/a>?<\/p>\n<p style=\"text-align: center;\">Sobre todo cuando creamos una nueva web y queremos saber nuestra posici\u00f3n real (aproximada) tenemos que estudiar la opci\u00f3n b). \u00bfPorque? Sin embargo cuanto m\u00e1s nueva es una p\u00e1gina menos peso tiene en Google y solo con optimizaci\u00f3n online no conseguir\u00e1 aparecer en primeras posiciones. En la opci\u00f3n b) probablemente lo m\u00e1s dif\u00edcil de medir es el \u00abtraffic score\u00bb -la puntuaci\u00f3n de nuestro trafico. Sin duda cuanto m\u00e1s antiguo es un dominio y cuanto m\u00e1s contenido de calidad ha tenido durante este tiempo mayor es su ranking, su visibilidad y su puntuaci\u00f3n.<\/p>\n<p>Si quieres tener un proyecto excelente y optimizado contacta con Seoframe.<\/p>\n<p style=\"text-align: center;\"><span style=\"color: #800000;\"><strong>ADELANTA A TUS VECINOS ONLINE<\/strong> <\/span><\/p>\n<table style=\"width: 100%; border-color: #08088a; margin-left: auto; margin-right: auto;\" border=\"1\">\n<tbody>\n<tr>\n<td style=\"text-align: center;\" colspan=\"4\"><strong><span style=\"color: #08088a;\">LA SOLUCI\u00d3N COMPLETA SEOFRAME.COM <\/span><\/strong><span style=\"color: #08088a;\">:<\/span><strong><span style=\"color: #08088a;\"> CREACI\u00d3N<\/span><\/strong><span style=\"color: #08088a;\"> &#8211;<\/span><strong><span style=\"color: #08088a;\"> VISIBILIDAD <\/span><\/strong><span style=\"color: #08088a;\">&#8211;<\/span><strong><span style=\"color: #08088a;\"> EXPANSI\u00d3N INTERNACIONAL DE TU NEGOCIO<br \/>\n<\/span><\/strong><\/td>\n<\/tr>\n<tr>\n<td><img loading=\"lazy\" decoding=\"async\" class=\"aligncenter wp-image-966 size-thumbnail\" src=\"https:\/\/seoframe.com\/wp-content\/uploads\/2017\/07\/wordpress-web-por-190\u20acenvince-150x150.jpg\" alt=\"wordpress web por 190\u20ac,envince\" width=\"150\" height=\"150\" srcset=\"https:\/\/seoframe.com\/wp-content\/uploads\/2017\/07\/wordpress-web-por-190\u20acenvince-150x150.jpg 150w, https:\/\/seoframe.com\/wp-content\/uploads\/2017\/07\/wordpress-web-por-190\u20acenvince-300x300.jpg 300w, https:\/\/seoframe.com\/wp-content\/uploads\/2017\/07\/wordpress-web-por-190\u20acenvince-100x100.jpg 100w\" sizes=\"(max-width: 150px) 100vw, 150px\" \/><\/td>\n<td><img loading=\"lazy\" decoding=\"async\" class=\"wp-image-677 size-thumbnail aligncenter\" src=\"https:\/\/seoframe.com\/wp-content\/uploads\/2017\/07\/shopisle-tema-wordpress-150x150.jpg\" alt=\"shopisle tema wordpress comercio electr\u00f3nico\" width=\"150\" height=\"150\" srcset=\"https:\/\/seoframe.com\/wp-content\/uploads\/2017\/07\/shopisle-tema-wordpress-150x150.jpg 150w, https:\/\/seoframe.com\/wp-content\/uploads\/2017\/07\/shopisle-tema-wordpress-100x100.jpg 100w\" sizes=\"(max-width: 150px) 100vw, 150px\" \/><\/td>\n<td><img loading=\"lazy\" decoding=\"async\" class=\"aligncenter wp-image-674 size-thumbnail\" src=\"https:\/\/seoframe.com\/wp-content\/uploads\/2017\/07\/sydney-thema-wordpress-150x150.jpg\" alt=\"sydney thema wordpress seo\" width=\"150\" height=\"150\" srcset=\"https:\/\/seoframe.com\/wp-content\/uploads\/2017\/07\/sydney-thema-wordpress-150x150.jpg 150w, https:\/\/seoframe.com\/wp-content\/uploads\/2017\/07\/sydney-thema-wordpress-100x100.jpg 100w\" sizes=\"(max-width: 150px) 100vw, 150px\" \/><\/td>\n<td><img loading=\"lazy\" decoding=\"async\" class=\"aligncenter wp-image-967 size-thumbnail\" src=\"https:\/\/seoframe.com\/wp-content\/uploads\/2017\/07\/Illdy-wordpress-tema-gratis-150x150.jpg\" alt=\"Illdy wordpress tema gratis\" width=\"150\" height=\"150\" \/><\/td>\n<\/tr>\n<tr>\n<td><img loading=\"lazy\" decoding=\"async\" class=\"aligncenter wp-image-1063 size-thumbnail\" src=\"https:\/\/seoframe.com\/wp-content\/uploads\/2017\/07\/GARANT\u00cdA-SEO-DEVOLUCI\u00d3N-DINERO-150x150.jpg\" alt=\"GARANT\u00cdA SEO DEVOLUCI\u00d3N DINERO\" width=\"150\" height=\"150\" \/><\/td>\n<td><img loading=\"lazy\" decoding=\"async\" class=\"aligncenter wp-image-620 size-thumbnail\" src=\"https:\/\/seoframe.com\/wp-content\/uploads\/2017\/07\/p\u00e1gina-web-comercio-electr\u00f3nico-150x150.jpg\" alt=\"p\u00e1gina web ,comercio electr\u00f3nico\" width=\"150\" height=\"150\" srcset=\"https:\/\/seoframe.com\/wp-content\/uploads\/2017\/07\/p\u00e1gina-web-comercio-electr\u00f3nico-150x150.jpg 150w, https:\/\/seoframe.com\/wp-content\/uploads\/2017\/07\/p\u00e1gina-web-comercio-electr\u00f3nico-100x100.jpg 100w, https:\/\/seoframe.com\/wp-content\/uploads\/2017\/07\/p\u00e1gina-web-comercio-electr\u00f3nico-200x200.jpg 200w\" sizes=\"(max-width: 150px) 100vw, 150px\" \/><\/td>\n<td><img loading=\"lazy\" decoding=\"async\" class=\"aligncenter wp-image-1100 size-thumbnail\" src=\"https:\/\/seoframe.com\/wp-content\/uploads\/2017\/07\/empresa-socio-pack-150x150.jpg\" alt=\"empresa socio pack gratis\" width=\"150\" height=\"150\" \/><\/td>\n<td><img loading=\"lazy\" decoding=\"async\" class=\"aligncenter wp-image-156 size-thumbnail\" src=\"https:\/\/seoframe.com\/wp-content\/uploads\/2017\/07\/seo-hosting-web-proyecto-150x150.jpg\" alt=\"seo hosting web\" width=\"150\" height=\"150\" srcset=\"https:\/\/seoframe.com\/wp-content\/uploads\/2017\/07\/seo-hosting-web-proyecto-150x150.jpg 150w, https:\/\/seoframe.com\/wp-content\/uploads\/2017\/07\/seo-hosting-web-proyecto-100x100.jpg 100w\" sizes=\"(max-width: 150px) 100vw, 150px\" \/><\/td>\n<\/tr>\n<tr>\n<td style=\"text-align: center;\" colspan=\"4\">\n<form action=\"https:\/\/seoframe.com\/equipo-seo-contacto\/\"><input type=\"submit\" value=\"TRIUNFA CON TU NEGOCIO\" \/><\/form>\n<\/td>\n<\/tr>\n<\/tbody>\n<\/table>\n<p style=\"text-align: center;\"><span style=\"text-decoration: underline; color: #333399;\">Agencia SEO y Marketing Internacional<br \/>\n<\/span><\/p>\n<p style=\"text-align: center;\">Creamos tu proyecto web online con base s\u00f3lida de Optimizaci\u00f3n Profesional. Seo Profesional Web y Negocio Online. <a href=\"https:\/\/seoframe.com\/resultados-seo\/\" rel=\"nofollow\"><span style=\"color: #333399;\"><em>Nos Valoran los Resultados<\/em><\/span><\/a><\/p>\n<p style=\"text-align: center;\"><span style=\"text-decoration: underline;\">Conseguimos los Resultados SEO de acuerdo con los factores claves de optimizaci\u00f3n<\/span><\/p>\n<p style=\"text-align: center;\">La optimizaci\u00f3n web es un trabajo complicado y permanente,formado por varios factores.<\/p>\n<h3 style=\"text-align: center;\">\u00bfQue cuestiones resolvemos para conseguir un SEO Profesional?<\/h3>\n<p style=\"text-align: center;\"><strong>Ejemplo de Optimizaci\u00f3n SEO web de un nuevo proyecto de Negocio<br \/>\n<\/strong><\/p>\n<table style=\"width: 99%; border-color: #08088a; margin-left: auto; margin-right: auto;\" border=\"1\">\n<tbody>\n<tr>\n<td style=\"background-color: #e0ecf8; text-align: center;\">\n<form action=\"https:\/\/seoframe.com\/colaboracion-servicios-profesionales-web\/\"><input type=\"submit\" value=\"GANA M\u00c1S CON TU EMPRESA\" \/><\/form>\n<p>30% DE BENEFICIO CON NUESTROS SERVICIOS PARA EMPRESA-SOCIO<\/td>\n<\/tr>\n<\/tbody>\n<\/table>\n<style>h3 {text-shadow: 1px 3px #BDBDBD;}<\/style>\n<hr>\n<p>(Patrocinado)<\/p>\n<p><a href=\"https:\/\/www.i99pro.com\/\" target=\"_blank\" rel=\"noopener noreferrer\">&#3648;&#3623;&#3655;&#3610;&#3610;&#3629;&#3621;<\/a><\/p>","protected":false},"excerpt":{"rendered":"<p>WP Masters-P\u00e1ginas Web y Comercio Electr\u00f3nico Optimizados En Seoframe.com puedes comprar tu Negocio Online LISTO por 190\u20ac &nbsp; P\u00c1GINA WEB ,BLOG O COMERCIO ELECTR\u00d3NICO &#8211; RECIBE TU PROYECTO LISTO PARA\u00a0 REDACTAR P\u00e1go \u00danico (tarifas de hosting seg\u00fan el plan elegido). Elege f\u00e1cil tu proyecto web listo para triunfar online Cuando&#8230;<\/p>\n<p class=\"continue-reading-button\"> <a class=\"continue-reading-link\" href=\"https:\/\/seoframe.com\/es\/pagina-web-comercio-elecronico\/\">Continue reading<i class=\"crycon-right-dir\"><\/i><\/a><\/p>\n","protected":false},"author":1,"featured_media":0,"parent":0,"menu_order":0,"comment_status":"closed","ping_status":"closed","template":"","meta":{"footnotes":""},"class_list":["post-439","page","type-page","status-publish","hentry"],"aioseo_notices":[],"_links":{"self":[{"href":"https:\/\/seoframe.com\/es\/wp-json\/wp\/v2\/pages\/439"}],"collection":[{"href":"https:\/\/seoframe.com\/es\/wp-json\/wp\/v2\/pages"}],"about":[{"href":"https:\/\/seoframe.com\/es\/wp-json\/wp\/v2\/types\/page"}],"author":[{"embeddable":true,"href":"https:\/\/seoframe.com\/es\/wp-json\/wp\/v2\/users\/1"}],"replies":[{"embeddable":true,"href":"https:\/\/seoframe.com\/es\/wp-json\/wp\/v2\/comments?post=439"}],"version-history":[{"count":70,"href":"https:\/\/seoframe.com\/es\/wp-json\/wp\/v2\/pages\/439\/revisions"}],"predecessor-version":[{"id":2674,"href":"https:\/\/seoframe.com\/es\/wp-json\/wp\/v2\/pages\/439\/revisions\/2674"}],"wp:attachment":[{"href":"https:\/\/seoframe.com\/es\/wp-json\/wp\/v2\/media?parent=439"}],"curies":[{"name":"wp","href":"https:\/\/api.w.org\/{rel}","templated":true}]}}