{"id":369,"date":"2017-07-15T11:22:03","date_gmt":"2017-07-15T11:22:03","guid":{"rendered":"https:\/\/seoframe.com\/?page_id=369"},"modified":"2017-11-16T19:57:05","modified_gmt":"2017-11-16T18:57:05","slug":"seo-hosting","status":"publish","type":"page","link":"https:\/\/seoframe.com\/es\/seo-hosting\/","title":{"rendered":"Seo Hosting Comercio,Web y Blog.Soporte Espa\u00f1a y Internacional.SSL Gratis,Cloudflare,WordPress y Autoinstalador"},"content":{"rendered":"<p><\/p>\n<h2><strong>Seo Hosting al mejor precio Espa\u00f1a ,Europa y Am\u00e9rica. CDN Cloudflare<br \/>\n<\/strong><\/h2>\n<h3><span style=\"color: #515194;\"><strong>Especialistas en Rendimiento R\u00e1pido y Seguro WORDPRESS<\/strong> <\/span><\/h3>\n<h4 style=\"text-align: center;\"><em>Servidores LiteSpeed SSD y SSL Incluidos<\/em><\/h4>\n<p style=\"text-align: center;\"><strong><span style=\"color: #515194;\">PLANES DE SEO HOSTING \u00d3PTIMO PARA TU NEGOCIO ONLINE<\/span><\/strong><\/p>\n<p style=\"text-align: center;\"><span style=\"color: #003366;\">\u00a0(Te Ayudamos Pasarte Gratis desde tu Hosting Actual \/ Pide tu Plan Personal)<br \/>\n<\/span><\/p>\n<table style=\"width: 100%;\" border=\"1\">\n<tbody>\n<tr>\n<td style=\"width: 30%; background-color: #8cb3d9; text-align: center;\"><span style=\"color: #515194;\"><strong><span style=\"color: #000000;\">HOSTING LINUX<\/span><\/strong><\/span><\/p>\n<p><span style=\"color: #000000;\">PRECIO PARA SIEMPRE<\/span><\/td>\n<td style=\"width: 22%; background-color: #e6ffcc;\"><span style=\"color: #6b496b;\">Plan B\u00e1sico<\/span><\/td>\n<td style=\"width: 22%; background-color: #d9ffb3;\"><span style=\"color: #333399;\">Plan Avanzado<\/span><\/td>\n<td style=\"width: 22%; background-color: #ccff99;\"><span style=\"color: #003366;\">Plan Premium<\/span><\/td>\n<\/tr>\n<tr>\n<td style=\"background-color: #8cb3d9; text-align: center;\"><span style=\"color: #000000;\">Precio sin IVA\/m\u00e9s<\/span><\/p>\n<p><span style=\"color: #000000;\">Pago Anual TODO INCLUIDO<\/span><\/td>\n<td style=\"background-color: #e6ffcc;\"><span style=\"color: #6b496b;\">4\u20ac \/ 4,7$<\/span><\/p>\n<p><span style=\"color: #6b496b;\">58\u20ac \/ 68$ <\/span><\/td>\n<td style=\"background-color: #d9ffb3;\"><span style=\"color: #333399;\">5\u20ac \/ 5,9$<\/span><\/p>\n<p><span style=\"color: #333399;\">72\u20ac \/<\/span><span style=\"color: #333399;\">85$ <\/span><\/td>\n<td style=\"background-color: #ccff99;\"><span style=\"color: #003366;\">7\u20ac \/ 8,2$<\/span><\/p>\n<p><span style=\"color: #003366;\">101\u20ac \/ 119$<\/span><\/td>\n<\/tr>\n<tr>\n<td style=\"background-color: #8cb3d9; text-align: center;\"><span style=\"color: #000000;\">Copias de seguridad diario<\/span><\/td>\n<td style=\"background-color: #e6ffcc;\"><span style=\"color: #6b496b;\">+<\/span><\/td>\n<td style=\"background-color: #d9ffb3;\"><span style=\"color: #333399;\">+<\/span><\/td>\n<td style=\"background-color: #ccff99;\"><span style=\"color: #003366;\">+<\/span><\/td>\n<\/tr>\n<tr>\n<td style=\"background-color: #8cb3d9; text-align: center;\"><span style=\"color: #000000;\"><strong><span style=\"text-decoration: underline;\">SSL Gratis<\/span><\/strong><\/span><\/td>\n<td style=\"background-color: #e6ffcc;\"><span style=\"color: #6b496b;\">si<\/span><\/td>\n<td style=\"background-color: #d9ffb3;\"><span style=\"color: #333399;\">si<\/span><\/td>\n<td style=\"background-color: #ccff99;\"><span style=\"color: #003366;\">si<\/span><\/td>\n<\/tr>\n<tr>\n<td style=\"background-color: #8cb3d9; text-align: center;\"><span style=\"text-decoration: underline; color: #000000;\">99,9% Uptime Garantizado<\/span><\/td>\n<td style=\"background-color: #e6ffcc;\"><span style=\"color: #6b496b;\">si<\/span><\/td>\n<td style=\"background-color: #d9ffb3;\"><span style=\"color: #333399;\">si<\/span><\/td>\n<td style=\"background-color: #ccff99;\"><span style=\"color: #003366;\">si<\/span><\/td>\n<\/tr>\n<tr>\n<td style=\"background-color: #8cb3d9; text-align: center;\"><span id=\"result_box\" class=\"\" lang=\"es\" style=\"color: #339966;\"><span class=\"\"><span style=\"color: #000000;\">Almacenamiento<\/span> <\/span><\/span><\/td>\n<td style=\"background-color: #e6ffcc;\"><span style=\"color: #6b496b;\">2GB<\/span><\/td>\n<td style=\"background-color: #d9ffb3;\"><span style=\"color: #333399;\">5GB<\/span><\/td>\n<td style=\"background-color: #ccff99;\"><span style=\"color: #003366;\">10GB<\/span><\/td>\n<\/tr>\n<tr>\n<td style=\"background-color: #8cb3d9; text-align: center;\"><span style=\"color: #000000;\">Ancho de Banda sin l\u00edmite de visitas<\/span><\/td>\n<td style=\"background-color: #e6ffcc;\"><span style=\"color: #6b496b;\">20GB<\/span><\/td>\n<td style=\"background-color: #d9ffb3;\"><span style=\"color: #333399;\">30GB<\/span><\/td>\n<td style=\"background-color: #ccff99;\"><span style=\"color: #003366;\">50GB<\/span><\/td>\n<\/tr>\n<tr>\n<td style=\"background-color: #8cb3d9; text-align: center;\"><span style=\"text-decoration: underline; color: #000000;\"><span id=\"result_box\" class=\"\" lang=\"es\"><span class=\"\"><strong>CDN Cloudflare Nivel Mundial<\/strong><\/span><\/span><\/span><\/td>\n<td style=\"background-color: #e6ffcc;\"><span style=\"color: #6b496b;\">+<\/span><\/td>\n<td style=\"background-color: #d9ffb3;\"><span style=\"color: #333399;\">+<\/span><\/td>\n<td style=\"background-color: #ccff99;\"><span style=\"color: #003366;\">+<\/span><\/td>\n<\/tr>\n<tr>\n<td style=\"background-color: #8cb3d9; text-align: center;\"><span style=\"text-decoration: underline; color: #000000;\">Soporte Espa\u00f1ol y Ingl\u00e9s<\/span><\/td>\n<td style=\"background-color: #e6ffcc;\"><span style=\"color: #6b496b;\">+<\/span><\/td>\n<td style=\"background-color: #d9ffb3;\"><span style=\"color: #333399;\">+<\/span><\/td>\n<td style=\"background-color: #ccff99;\"><span style=\"color: #003366;\">+<\/span><\/td>\n<\/tr>\n<tr>\n<td style=\"background-color: #8cb3d9; text-align: center;\"><span style=\"text-decoration: underline; color: #000000;\">Sitios Web<\/span><\/td>\n<td style=\"background-color: #e6ffcc;\"><span style=\"color: #6b496b;\">5<\/span><\/td>\n<td style=\"background-color: #d9ffb3;\"><span style=\"color: #333399;\">10<\/span><\/td>\n<td style=\"background-color: #ccff99;\"><span style=\"color: #003366;\">15<\/span><\/td>\n<\/tr>\n<tr>\n<td style=\"background-color: #8cb3d9; text-align: center;\"><span style=\"color: #000000;\">Base de Datos <span id=\"result_box\" class=\"\" lang=\"es\"><span class=\"\">MySQL<\/span><\/span><\/span><\/td>\n<td style=\"background-color: #e6ffcc;\"><span style=\"color: #6b496b;\">5<\/span><\/td>\n<td style=\"background-color: #d9ffb3;\"><span style=\"color: #333399;\">10<\/span><\/td>\n<td style=\"background-color: #ccff99;\"><span style=\"color: #003366;\">15<\/span><\/td>\n<\/tr>\n<tr>\n<td style=\"background-color: #8cb3d9; text-align: center;\"><span style=\"color: #000000;\">Cuentas Correo electr\u00f3nico<\/span><\/td>\n<td style=\"background-color: #e6ffcc;\"><span style=\"color: #6b496b;\">20<\/span><\/td>\n<td style=\"background-color: #d9ffb3;\"><span style=\"color: #333399;\">40<\/span><\/td>\n<td style=\"background-color: #ccff99;\"><span style=\"color: #003366;\">80<\/span><\/td>\n<\/tr>\n<tr>\n<td style=\"background-color: #8cb3d9; text-align: center;\"><span style=\"color: #000000;\"><strong><span style=\"text-decoration: underline;\">Servidor LiteSpeed<\/span><\/strong><\/span><\/td>\n<td style=\"background-color: #e6ffcc;\"><span style=\"color: #6b496b;\">si<\/span><\/td>\n<td style=\"background-color: #d9ffb3;\"><span style=\"color: #333399;\">si<\/span><\/td>\n<td style=\"background-color: #ccff99;\"><span style=\"color: #003366;\">si<\/span><\/td>\n<\/tr>\n<tr>\n<td style=\"background-color: #8cb3d9; text-align: center;\"><span style=\"color: #000000;\"><strong><span id=\"result_box\" class=\"\" lang=\"es\"><span class=\"\"><span style=\"text-decoration: underline;\">DISCOS SSD<\/span> <\/span><\/span><\/strong><\/span><\/td>\n<td style=\"background-color: #e6ffcc;\"><span style=\"color: #6b496b;\">+<\/span><\/td>\n<td style=\"background-color: #d9ffb3;\"><span style=\"color: #333399;\">+<\/span><\/td>\n<td style=\"background-color: #ccff99;\"><span style=\"color: #003366;\">+<\/span><\/td>\n<\/tr>\n<tr>\n<td style=\"background-color: #8cb3d9; text-align: center;\"><span id=\"result_box\" class=\"\" lang=\"es\" style=\"color: #000000;\">Selector versiones PHP: 5,1-5,6 ; 7,0<\/span><\/td>\n<td style=\"background-color: #e6ffcc;\"><span style=\"color: #6b496b;\">si<\/span><\/td>\n<td style=\"background-color: #d9ffb3;\"><span style=\"color: #333399;\">si<\/span><\/td>\n<td style=\"background-color: #ccff99;\"><span style=\"color: #003366;\">si<\/span><\/td>\n<\/tr>\n<tr>\n<td style=\"background-color: #8cb3d9; text-align: center;\"><span id=\"result_box\" class=\"\" lang=\"es\" style=\"color: #000000;\"><span class=\"\"> Configuaraci\u00f3n 24h laborales<\/span><\/span><\/td>\n<td style=\"background-color: #e6ffcc;\"><span style=\"color: #6b496b;\">+<\/span><\/td>\n<td style=\"background-color: #d9ffb3;\"><span style=\"color: #333399;\">+<\/span><\/td>\n<td style=\"background-color: #ccff99;\"><span style=\"color: #003366;\">+<\/span><\/td>\n<\/tr>\n<tr>\n<td style=\"background-color: #8cb3d9; text-align: center;\"><span id=\"result_box\" class=\"\" lang=\"es\" style=\"color: #000000;\"><span class=\"\">Cuentas FTP<\/span><\/span><\/td>\n<td style=\"background-color: #e6ffcc;\"><span style=\"color: #6b496b;\">20<\/span><\/td>\n<td style=\"background-color: #d9ffb3;\"><span style=\"color: #333399;\">40<\/span><\/td>\n<td style=\"background-color: #ccff99;\"><span style=\"color: #003366;\">80<\/span><\/td>\n<\/tr>\n<tr>\n<td style=\"background-color: #8cb3d9; text-align: center;\"><span style=\"text-decoration: underline; color: #000000;\"><span id=\"result_box\" class=\"\" lang=\"es\"><span class=\"\">WORDPRESS ESPA\u00d1OL y MUCHO M\u00c1S CON 1-CLICK <\/span><\/span><\/span><\/td>\n<td style=\"background-color: #e6ffcc;\"><span style=\"color: #6b496b;\">si<\/span><\/td>\n<td style=\"background-color: #d9ffb3;\"><span style=\"color: #333399;\">si<\/span><\/td>\n<td style=\"background-color: #ccff99;\"><span style=\"color: #003366;\">si<\/span><\/td>\n<\/tr>\n<tr>\n<td style=\"background-color: #8cb3d9; text-align: center;\"><span id=\"result_box\" class=\"\" lang=\"es\" style=\"color: #000000;\"><span class=\"\">Protecci\u00f3n Anti-Hacker<\/span><\/span><\/td>\n<td style=\"background-color: #e6ffcc;\"><span style=\"color: #6b496b;\">+<\/span><\/td>\n<td style=\"background-color: #d9ffb3;\"><span style=\"color: #333399;\">+<\/span><\/td>\n<td style=\"background-color: #ccff99;\"><span style=\"color: #003366;\">+<\/span><\/td>\n<\/tr>\n<tr>\n<td style=\"background-color: #8cb3d9; text-align: center;\"><span style=\"color: #000000;\">Panel de Control Espa\u00f1ol,Ingl\u00e9s y 30 i-s m\u00e1s<br \/>\n<\/span><\/td>\n<td style=\"background-color: #e6ffcc;\"><span style=\"color: #6b496b;\">si<\/span><\/td>\n<td style=\"background-color: #d9ffb3;\"><span style=\"color: #333399;\">si<\/span><\/td>\n<td style=\"background-color: #ccff99;\"><span style=\"color: #003366;\">si<\/span><\/td>\n<\/tr>\n<tr>\n<td style=\"background-color: #8cb3d9; text-align: center;\"><span style=\"color: #000000;\">GARANT\u00cdA CALIDAD<\/span><\/td>\n<td style=\"background-color: #e6ffcc;\"><span style=\"color: #6b496b;\">+<\/span><\/td>\n<td style=\"background-color: #d9ffb3;\"><span style=\"color: #333399;\">+<\/span><\/td>\n<td style=\"background-color: #ccff99;\"><span style=\"color: #003366;\">+<\/span><\/td>\n<\/tr>\n<tr>\n<td style=\"background-color: #8cb3d9; text-align: center;\"><span style=\"color: #000000;\">ELEGIR PLAN<\/span><\/td>\n<td style=\"background-color: #e6ffcc;\">\n<form action=\"https:\/\/seoframe.com\/producto\/hosting-basico\/\"><input type=\"submit\" value=\"OK\" \/><\/form>\n<\/td>\n<td style=\"background-color: #d9ffb3;\">\n<form action=\"https:\/\/seoframe.com\/producto\/hosting-seo-avanzado-un-ano\/\"><input type=\"submit\" value=\"OK\" \/><\/form>\n<\/td>\n<td style=\"background-color: #ccff99;\">\n<form action=\"https:\/\/seoframe.com\/producto\/hosting-seo-plan-premium-un-ano\/\"><input type=\"submit\" value=\"OK\" \/><\/form>\n<\/td>\n<\/tr>\n<\/tbody>\n<\/table>\n<hr \/>\n<p><span style=\"color: #333399;\">Nuestros Servicios de <a href=\"#cdn-hosting-cloudflare\">CDN Hosting Cloudflare<\/a> ofrecen incre\u00edble rapidez a tus visitantes online<\/span><\/p>\n<p>No importa de donde son tus visitantes,el contenido web se sirve de la manera m\u00e1s r\u00e1pida posible usando la mejor cadena de servidores Cloudflare situada por todo el mundo.<\/p>\n<h4 style=\"text-align: center;\">INCLUIDO EN TODOS LOS PLANES:<\/h4>\n<p style=\"text-align: center;\"><span style=\"text-decoration: underline;\">Instalaci\u00f3n Gratis de Sistemas de administraci\u00f3n de contenidos(CMS)<\/span>:<\/p>\n<p style=\"text-align: center;\"><img loading=\"lazy\" decoding=\"async\" class=\"alignnone wp-image-517 size-full\" title=\"SEO HOSTING WORDPRESS ESPA\u00d1A. EL MEJOR PRECIO.SSL GRATIS\" src=\"https:\/\/seoframe.com\/wp-content\/uploads\/2017\/07\/SEO-HOSTING-BARATOCMSSSL-GRATIS.jpg\" alt=\"SEO HOSTING WORDPRESS ESPA\u00d1A. EL MEJOR PRECIO.SSL GRATIS\" width=\"1005\" height=\"608\" srcset=\"https:\/\/seoframe.com\/wp-content\/uploads\/2017\/07\/SEO-HOSTING-BARATOCMSSSL-GRATIS.jpg 1005w, https:\/\/seoframe.com\/wp-content\/uploads\/2017\/07\/SEO-HOSTING-BARATOCMSSSL-GRATIS-300x181.jpg 300w, https:\/\/seoframe.com\/wp-content\/uploads\/2017\/07\/SEO-HOSTING-BARATOCMSSSL-GRATIS-768x465.jpg 768w, https:\/\/seoframe.com\/wp-content\/uploads\/2017\/07\/SEO-HOSTING-BARATOCMSSSL-GRATIS-150x91.jpg 150w, https:\/\/seoframe.com\/wp-content\/uploads\/2017\/07\/SEO-HOSTING-BARATOCMSSSL-GRATIS-600x363.jpg 600w\" sizes=\"(max-width: 1005px) 100vw, 1005px\" \/><\/p>\n<p style=\"text-align: center;\"><span style=\"text-decoration: underline;\">Aplicaciones Gratis de Software para comunidades<\/span>:<\/p>\n<p style=\"text-align: center;\"><img loading=\"lazy\" decoding=\"async\" class=\"wp-image-521 size-large aligncenter\" title=\"aplicaciones software comunidades gratis,WORDPRESS y SSL incluidos\" src=\"https:\/\/seoframe.com\/wp-content\/uploads\/2017\/07\/aplicaciones-software-comunidades-gratis-1024x612.jpg\" alt=\"aplicaciones software comunidades gratis,WORDPRESS y SSL incluidoss\" width=\"860\" height=\"514\" \/><\/p>\n<p>&nbsp;<\/p>\n<hr \/>\n<table style=\"background-color: #cecef6; width: 99%;\">\n<tbody>\n<tr>\n<td>\n<p style=\"text-align: left;\">El SEO hosting te permite alojar un blog,sitio web de negocios o comercio electr\u00f3nico no solo en Espa\u00f1a y Am\u00e9rica si no en todo el mundo. Tenemos el plan de alojamiento web adaptado para ti. Estos planes de alojamiento web son 100% compatibles si quieres que nosotros <a href=\"https:\/\/seoframe.com\/pagina-web-comercio-elecronico\/\">hacemos tu p\u00e1gina web, comercio electr\u00f3nico o blog<\/a>.<\/p>\n<\/td>\n<\/tr>\n<\/tbody>\n<\/table>\n<table style=\"background-color: #f5f6ce; width: 99%;\">\n<tbody>\n<tr>\n<td>\n<h4 style=\"text-align: center;\"><span style=\"color: #333399;\">IMPORTANTES VENTAJAS ADICIONALES:<\/span><\/h4>\n<p style=\"text-align: center;\"><span style=\"color: #000080;\"><em>-ALOJAMIENTO WEB EN DISCOS SSD- VELOCIDAD MUY SUPERIOR COMPARANDO CON ALOJAMIENTO HHD.<\/em><\/span><\/p>\n<p style=\"text-align: center;\"><span style=\"color: #000080;\"><em>-SOFTACULOUS AUTOINSTALADOR -INSTALA WORDPRESS,JOOMLA Y CUALQUIER OTRO CMS O APLICACI\u00d3N EN UN CLICK.<\/em><\/span><\/p>\n<p style=\"text-align: center;\"><span style=\"color: #000080;\"><em>-CDN CLOUDFLARE HOSTING PARA SERVIR TU P\u00c1GINA WEB R\u00c1PIDO EN TODO EL MUNDO<\/em><\/span><\/p>\n<p style=\"text-align: center;\"><span style=\"color: #000080;\"><em>&#8211;<span id=\"result_box\" class=\"\" lang=\"es\">SERVIDOR WEB LITESPEED<br \/>\n<span class=\"\">El uso de LiteSpeed nos permite aumentar el rendimiento de los sitios hasta un 500%<br \/>\n<\/span><\/span><\/em><\/span><\/p>\n<p style=\"text-align: center;\"><span style=\"color: #000080;\"><em><span id=\"result_box\" class=\"\" lang=\"es\">-CLOUD HOSTING (EN LA NUBE)<br \/>\n<span class=\"\">Hosting \u00abin the Cloud\u00bb le ofrece tranquilidad y redundancia con \u00abfailover\u00bb autom\u00e1tico de fallos de hardware.<\/span><\/span><\/em><\/span><\/p>\n<p style=\"text-align: center;\"><span style=\"color: #000080;\"><em>-PROTECCI\u00d3N CONTRA ATAQUES <span id=\"result_box\" class=\"\" lang=\"es\"><span class=\"\">DDoS PARA GARANTIZAR EL SERVICIO ONLINE.<\/span><\/span><\/em><\/span><\/p>\n<p style=\"text-align: center;\"><span style=\"color: #000080;\"><em>-SSL LET&#8217;S ENCRYPT GRATIS.<\/em><\/span><\/p>\n<p style=\"text-align: center;\"><span style=\"color: #000080;\"><em>-SOPORTE EN ESPA\u00d1OL Y INGL\u00c9S<br \/>\n<\/em><\/span><\/p>\n<p style=\"text-align: center;\"><span style=\"color: #000080;\"><em>-SERVIDORES LOCALIZADOS EN DIFERENTES CONTINENTES (EUROPA,AM\u00c9RICA Y ASIA) PARA RENDIR M\u00c1S R\u00c1PIDO SEG\u00daN TU UBICACI\u00d3N<\/em><\/span><\/p>\n<p style=\"text-align: center;\"><span style=\"color: #000080;\"><em>-GARANT\u00cdA DE CALIDAD. GARANTIZAMOS EL MEJOR HOSTING PARA EL DINERO QUE HAZ PAGADO. SERVICIOS PREMIUM SI QUIERES DEJAR TODOS AJUSTES \u00a0A NUESTROS MANOS Y SOLO DEDICARTE A TU NEGOCIO.<\/em><\/span><\/p>\n<p>&nbsp;<\/td>\n<\/tr>\n<\/tbody>\n<\/table>\n<h4 id=\"cdn-hosting-cloudflare\" style=\"text-align: center;\"><span style=\"color: #333399;\">Nuestra Soluci\u00f3n para una R\u00e1pida Entrega del Contenido<br \/>\n<\/span><\/h4>\n<p style=\"text-align: left;\"><img loading=\"lazy\" decoding=\"async\" class=\"aligncenter wp-image-1198 size-full\" title=\"115 centros de datos de cloudflare y beneficio de un seo hosting con CDN\" src=\"https:\/\/seoframe.com\/wp-content\/uploads\/2017\/07\/CDN-Cloudflare-seo-hosting.jpg\" alt=\"CDN Cloudflare seo hosting\" width=\"797\" height=\"457\" srcset=\"https:\/\/seoframe.com\/wp-content\/uploads\/2017\/07\/CDN-Cloudflare-seo-hosting.jpg 797w, https:\/\/seoframe.com\/wp-content\/uploads\/2017\/07\/CDN-Cloudflare-seo-hosting-600x344.jpg 600w, https:\/\/seoframe.com\/wp-content\/uploads\/2017\/07\/CDN-Cloudflare-seo-hosting-300x172.jpg 300w, https:\/\/seoframe.com\/wp-content\/uploads\/2017\/07\/CDN-Cloudflare-seo-hosting-768x440.jpg 768w, https:\/\/seoframe.com\/wp-content\/uploads\/2017\/07\/CDN-Cloudflare-seo-hosting-150x86.jpg 150w\" sizes=\"(max-width: 797px) 100vw, 797px\" \/><\/p>\n<p style=\"text-align: center;\">(propiedad imagen: cloudflare.com)<\/p>\n<p>Para cualquier sitio web el rendimiento y la rapidez marcan la diferencia entre los competidores online. Con <span style=\"text-decoration: underline;\"><em>Cloudflare CDN Hosting<\/em><\/span> (Content Delivery Network)-Red de Entrega de Contenidos tu p\u00e1gina web es igual de r\u00e1pida en cualquier parte del mundo.<\/p>\n<p>\u00bf<span style=\"text-decoration: underline;\">Como se consigue esto<\/span>?<\/p>\n<p>Gracias a los servicios de alta calidad subcontratados por Seoframe.com ofrecemos en todos los planes distribuci\u00f3n del contenido web seg\u00fan la ubicaci\u00f3n del visitante.<\/p>\n<h4><span style=\"text-decoration: underline;\">EJEMPLO<\/span>:<\/h4>\n<p>Una p\u00e1gina web en Espa\u00f1ol (en el mejor caso dominio- com,net,org) que se dedica a servicios o ventas no solo en Espa\u00f1a si no en Am\u00e9rica Latina. Como target de nuestro negocio en la consola de google webmasters hemos selecionado <em>La Orientaci\u00f3n Internacional<\/em> de la web. Tenemos un hosting normal (o baratito)con servidores alojados en Espa\u00f1a o en Europa.<\/p>\n<p>Suponemos que un cliente en Am\u00e9rica-Colombia,Argentina o en M\u00e9xico hace click en nuestra web. Esta misma tarda normalmente entre 4 y 5 veces m\u00e1s para descargarse comparando con un cliente situado en Espa\u00f1a o Europa. Esto significa que si en Europa tarda en promedio de 1,5 segundos,en Am\u00e9rica va a tardar unos 6 &#8211; 7,5 segundos. Sin embargo no todos los clientes esperar\u00e1n 6 o 7 segundos. Adem\u00e1s no vamos a tener muy buena nota por Google si servimos el contenido al visitante tan lento.<span id=\"result_box\" class=\"short_text\" lang=\"es\"><\/span><\/p>\n<p>Cuando un visitante accede a tu sitio web y solicita unos datos determinados,como una p\u00e1gina web o una imagen,este archivo \u00abviaja\u00bb a una distancia muy grande (en el caso del ejemplo). Cuanto m\u00e1s lejos es la distancia entre tu servidor y el usuario,mas lento se sirve la informaci\u00f3n.<\/p>\n<h4>Este mismo problema de velocidad se soluciona usando el servicio CDN de Cloudflare<\/h4>\n<p>Tu web se puede habrir con la misma velocidad en cualquier pare del mundo porque el servicio de CDN va a proporcionar la mejor opci\u00f3n de la ubicaci\u00f3n del servidor al instante. En el ejemplo arriba si el cliente habre la web desde Argentina el contenido se sirve desde el centro Cloudflare in Buenos Aires.Si se habre desde Colombia(como hemos dicho antes) se servir\u00e1 desde el centro en Medelin. Con Cloudflare ofrecemos una red de distribuci\u00f3n de contenido compuesta por <a href=\"https:\/\/www.cloudflare.com\/network\/\" target=\"_blank\" rel=\"noopener nofollow\"><strong>115 centros mundiales<\/strong><\/a> de datos estrat\u00e9gicamente ubicados en todo el mundo (VER LA IMAGEN ARRIBA). Su contenido est\u00e1tico est\u00e1 en cach\u00e9 en estos servidores locales,poni\u00e9ndolo el contenido a disposici\u00f3n de los visitantes a velocidad incomparable.<\/p>\n<p>Adem\u00e1s,Cloudflare incluye un optimizador de c\u00f3digo avanzado que minimiza las conexiones de red simult\u00e1neas. Re\u00fane varios elementos JavaScript para reducir la sobrecarga y simplemente hace que su contenido sea m\u00e1s r\u00e1pido y seguro que nunca. El elemento\u00bbcloud\u00bb tambi\u00e9n es muy importante porque ofrece m\u00e1s seguridad para tu contenido y este nunca va a fallar.<\/p>\n<p><em><span style=\"text-decoration: underline;\">Sin duda si quieres que tu negocio online crezca el SEO Hosting con distribuci\u00f3n mundial de tu contenido es la opci\u00f3n perfecta. Posibilidades de vender o ofrecer tus servicios en todo el mundo-Am\u00e9rica,Europa,Asia o \u00c1frica<\/span>.<\/em><\/p>\n<table style=\"background-color: #a9f5a9; width: 99%;\">\n<tbody>\n<tr>\n<td>\n<h4 style=\"text-align: center;\"><span style=\"color: #333399;\">Los Planes de Hosting<\/span><\/h4>\n<p>Te ofrecemos SEO Hosting de \u00faltima tecnolog\u00eda para que tu sitio funci\u00f3na perfectamente-r\u00e1pido y estable. Todos los planes incluyen: SSL,Servidor LiteSpeed,CDN-Cloudflare,PHP, MySQL y Softaculous Autoinstalador. Tienes gran selecci\u00f3n de aplicaciones web para instalar un comercio electr\u00f3nico,portal,blog o p\u00e1gina de anuncios.<\/p>\n<p>El \u00faltimo cPanel donde puedes controlar todo con segurid\u00e1d y rapidez. Puedes instalar tu aplicaci\u00f3n CMS favorita (como WordPress) solo con un par de clicks, usando el Softaculous Auto Installer.<\/p>\n<p><span style=\"text-decoration: underline;\"><span style=\"color: #333399; text-decoration: underline;\">MUY PRONTO GOOGLE va a marcar todos los webs no encriptados con SSL como NO SEGUROS<\/span><\/span> con una \u00abx\u00bb roja en el navegador de Google Chrome. El mensaje esta claro-Google quiere hacer Internet un sitio m\u00e1s seguro.<br \/>\nEn nuestras ofertas tambi\u00e9n est\u00e1 incluido Gratis el certificado SSL \u00abLets Encrypt\u00bb. El certificado SSL cubre todos los dominios y subdominios que tengas en tu panel de control . Los certificados se emiten y se renuevan autom\u00e1ticamente. As\u00ed todos los sitios web est\u00e1n cubiertos por SSL sin necesidad de ajustes manuales.<\/p>\n<h4 style=\"text-align: center;\"><span style=\"color: #333399;\"><em>Puedes elegir el plan de SEO Hosting que mejor se adapta a tus necesidades<\/em><\/span><\/h4>\n<p>-B\u00e1sico por 48\u20ac al a\u00f1o (4 \u20ac al m\u00e9s) y garantiza la estabilidad de tu negocio online<\/p>\n<p>-El plan Hosting Avanzado es para ti si quieres subir m\u00e1s p\u00e1ginas web o trabajar en distintas idiomas<\/p>\n<p>-El plan de SEO hosting m\u00e1s potente es el Premium. Con el puedes subir hasta 15 p\u00e1ginas web<\/p>\n<p>Con nuestras opci\u00f3nes de hosting tendr\u00e1s todo lo imprescindible para escalar a las primeras posiciones en los buscadores.<\/td>\n<\/tr>\n<\/tbody>\n<\/table>\n<hr \/>\n<p>*Reembolso IVA para empresas debidamente registradas fuera de Espa\u00f1a.<\/p>\n<style>\nh2 {text-shadow: 2px 3px #BDBDBD;}<\/style>\n<p><\/p>","protected":false},"excerpt":{"rendered":"<p>Seo Hosting al mejor precio Espa\u00f1a ,Europa y Am\u00e9rica. CDN Cloudflare Especialistas en Rendimiento R\u00e1pido y Seguro WORDPRESS Servidores LiteSpeed SSD y SSL Incluidos PLANES DE SEO HOSTING \u00d3PTIMO PARA TU NEGOCIO ONLINE \u00a0(Te Ayudamos Pasarte Gratis desde tu Hosting Actual \/ Pide tu Plan Personal) HOSTING LINUX PRECIO PARA&#8230;<\/p>\n<p class=\"continue-reading-button\"> <a class=\"continue-reading-link\" href=\"https:\/\/seoframe.com\/es\/seo-hosting\/\">Continue reading<i class=\"crycon-right-dir\"><\/i><\/a><\/p>\n","protected":false},"author":1,"featured_media":0,"parent":0,"menu_order":0,"comment_status":"closed","ping_status":"closed","template":"","meta":{"footnotes":""},"class_list":["post-369","page","type-page","status-publish","hentry"],"aioseo_notices":[],"_links":{"self":[{"href":"https:\/\/seoframe.com\/es\/wp-json\/wp\/v2\/pages\/369"}],"collection":[{"href":"https:\/\/seoframe.com\/es\/wp-json\/wp\/v2\/pages"}],"about":[{"href":"https:\/\/seoframe.com\/es\/wp-json\/wp\/v2\/types\/page"}],"author":[{"embeddable":true,"href":"https:\/\/seoframe.com\/es\/wp-json\/wp\/v2\/users\/1"}],"replies":[{"embeddable":true,"href":"https:\/\/seoframe.com\/es\/wp-json\/wp\/v2\/comments?post=369"}],"version-history":[{"count":233,"href":"https:\/\/seoframe.com\/es\/wp-json\/wp\/v2\/pages\/369\/revisions"}],"predecessor-version":[{"id":2072,"href":"https:\/\/seoframe.com\/es\/wp-json\/wp\/v2\/pages\/369\/revisions\/2072"}],"wp:attachment":[{"href":"https:\/\/seoframe.com\/es\/wp-json\/wp\/v2\/media?parent=369"}],"curies":[{"name":"wp","href":"https:\/\/api.w.org\/{rel}","templated":true}]}}