{"id":367,"date":"2017-08-03T18:05:08","date_gmt":"2017-08-03T17:05:08","guid":{"rendered":"https:\/\/seoframe.com\/?page_id=367"},"modified":"2019-07-22T08:33:22","modified_gmt":"2019-07-22T07:33:22","slug":"blog-google","status":"publish","type":"page","link":"https:\/\/seoframe.com\/es\/blog-google\/","title":{"rendered":"Blog Google. Posicionamiento"},"content":{"rendered":"<p><\/p>\n<h2 style=\"text-align: center;\"><strong>Posicionamiento Blog Google<\/strong>. SEO Blogger<\/h2>\n<h3 style=\"text-align: center;\"><span style=\"text-decoration: underline;\">BLOG PROFESIONAL<\/span><\/h3>\n<p style=\"text-align: center;\"><img loading=\"lazy\" decoding=\"async\" class=\"alignnone wp-image-1597 size-full\" title=\"BLOG GOOGLE\" src=\"https:\/\/seoframe.com\/wp-content\/uploads\/2017\/08\/BLOG-GOOGLE.jpg\" alt=\"BLOG GOOGLE\" width=\"444\" height=\"239\" srcset=\"https:\/\/seoframe.com\/wp-content\/uploads\/2017\/08\/BLOG-GOOGLE.jpg 444w, https:\/\/seoframe.com\/wp-content\/uploads\/2017\/08\/BLOG-GOOGLE-300x161.jpg 300w, https:\/\/seoframe.com\/wp-content\/uploads\/2017\/08\/BLOG-GOOGLE-150x81.jpg 150w, https:\/\/seoframe.com\/wp-content\/uploads\/2017\/08\/BLOG-GOOGLE-200x108.jpg 200w\" sizes=\"(max-width: 444px) 100vw, 444px\" \/><\/p>\n<p style=\"text-align: center;\">Antes hemos hecho comparaci\u00f3nes sobre el Blog Google-el servicio de Blogger y <a href=\"https:\/\/seoframe.com\/pagina-web-comercio-elecronico\/\">las posibilidades de WordPress<\/a>.<\/p>\n<p style=\"text-align: center;\"><span style=\"text-decoration: underline;\">En esta p\u00e1gina te vamos a explicar las razones por las que elegir crear tu negocio con un Blog en Google<\/span>.<\/p>\n<p style=\"text-align: center;\"><span style=\"color: #333399;\">-\u00bfHaz visto alguna vez variante de <span style=\"color: #000080;\">Comercio<\/span> electr\u00f3nico hecho con Blogger?<\/span><\/p>\n<p style=\"text-align: center;\"><span style=\"color: #333399;\">-O un blog del tipo \u00abminegocio.blogspot.com\u00bb en la primera posici\u00f3n en google para ciertas palabras clave?<\/span><\/p>\n<p style=\"text-align: center;\"><span style=\"color: #000080;\">-Si haz pensado que\u00bb tener tu negocio entre los primeros en google es muy caro\u00bb te haz equivocado. Con Seoframe puedes tener tu blog profesional y lo m\u00e1s importante-VISIBLE por un precio muy asequible.<\/span><\/p>\n<h4 style=\"text-align: center;\">Las ventajas de un Blog Google<\/h4>\n<ul>\n<li style=\"text-align: center;\">En el Blogger todo es m\u00e1s sencillo,tambi\u00e9n su administraci\u00f3n, modificaci\u00f3n y usabilidad<\/li>\n<li style=\"text-align: center;\">Sin duda es m\u00e1s econ\u00f3mico y no conlleva gastos mensuales o anuales( excepto si tenemos dominio asociado)<\/li>\n<li style=\"text-align: center;\">La calidad de los servidores de google tiene un papel muy importante. Velocidad de carga,Seguridad de alojamiento y SSL son tres par\u00e1metros claves para el buen posicionamiento en Google<\/li>\n<li style=\"text-align: center;\">Somos expertos en BLOGGER SEO y tenemos mucha experiencia y unos resultados estupendos<\/li>\n<li style=\"text-align: center;\">Puedes tenerlo sin dominio. Aunque parece raro te aconsejamos tener el dominio por defecto de blogspot.com<\/li>\n<\/ul>\n<p style=\"text-align: center;\"><em>Un tema interesante sobre los ajustes importantes del Blog es la elecci\u00f3n del nombre de nuestro blog y si asociamos un dominio de primer nivel o usar el blogspot.com. Como haz visto m\u00e1s arriba te hemos aconsejado elegir el dominio gratuito de Google.Una de las razones m\u00e1s importantes es el uso de SSL. En este momento google no ofrece SSL para dominios propios en Blog<\/em><\/p>\n<p style=\"text-align: center;\">Es verdad que con Blogger las posibilidades son un poco m\u00e1s limitadas&#8230; Pero como hemos explicado anteriormente,excepto el dise\u00f1o casi TODO ES POSIBLE si lo encargas en Seoframe.com.<\/p>\n<p style=\"text-align: center;\">Si estas convencido que blogger es tu opci\u00f3n preferida lo \u00fanico que necesitamos para crear y optimizar tu blog es <span style=\"text-decoration: underline;\">enviarnos bastante texto y algunas im\u00e1genes<\/span> para poder completar bien el trabajo SEO.<\/p>\n<p style=\"text-align: center;\">Sin embargo la instalaci\u00f3n de un blog y su precio depende de muchos factores. Entre ellos lo m\u00e1s importante es la funcionalidad del blog ajustada seg\u00fan la necesidad de su negocio.<\/p>\n<p style=\"text-align: center;\"><span style=\"text-decoration: underline;\">Informaci\u00f3n sobre nuestras tarifas de Blog Google Profesional con SEO Incluido (sin IVA )<\/span>:<\/p>\n<p style=\"text-align: center;\">-Sin dominio propio con SEO Profesional -89\u20ac<\/p>\n<p style=\"text-align: center;\">-Con dominio propio y SEO Profesional -118\u20ac<\/p>\n<p style=\"text-align: center;\">-Comercio electr\u00f3nico Light,Optimizaci\u00f3n &#8211; 148\u20ac<\/p>\n<p style=\"text-align: center;\">-Ajustado como Comercio Electr\u00f3nico,Optimizaci\u00f3n y propio dominio-168\u20ac<\/p>\n<table style=\"width: 100%; border-color: #08088a; margin-left: auto; margin-right: auto;\" border=\"1\">\n<tbody>\n<tr>\n<td style=\"text-align: center;\">\n<form action=\"https:\/\/seoframe.com\/equipo-seo-contacto\/\"><input type=\"submit\" value=\"ENCARGA TU BLOG AHORA\" \/>\u00a0<\/form>\n<\/td>\n<\/tr>\n<\/tbody>\n<\/table>\n<style>h2{text-shadow: 2px 3px #BDBDBD;}<\/style>\n<p><\/p>","protected":false},"excerpt":{"rendered":"<p>Posicionamiento Blog Google. SEO Blogger BLOG PROFESIONAL Antes hemos hecho comparaci\u00f3nes sobre el Blog Google-el servicio de Blogger y las posibilidades de WordPress. En esta p\u00e1gina te vamos a explicar las razones por las que elegir crear tu negocio con un Blog en Google. -\u00bfHaz visto alguna vez variante de&#8230;<\/p>\n<p class=\"continue-reading-button\"> <a class=\"continue-reading-link\" href=\"https:\/\/seoframe.com\/es\/blog-google\/\">Continue reading<i class=\"crycon-right-dir\"><\/i><\/a><\/p>\n","protected":false},"author":1,"featured_media":0,"parent":0,"menu_order":0,"comment_status":"closed","ping_status":"closed","template":"","meta":{"footnotes":""},"class_list":["post-367","page","type-page","status-publish","hentry"],"aioseo_notices":[],"_links":{"self":[{"href":"https:\/\/seoframe.com\/es\/wp-json\/wp\/v2\/pages\/367"}],"collection":[{"href":"https:\/\/seoframe.com\/es\/wp-json\/wp\/v2\/pages"}],"about":[{"href":"https:\/\/seoframe.com\/es\/wp-json\/wp\/v2\/types\/page"}],"author":[{"embeddable":true,"href":"https:\/\/seoframe.com\/es\/wp-json\/wp\/v2\/users\/1"}],"replies":[{"embeddable":true,"href":"https:\/\/seoframe.com\/es\/wp-json\/wp\/v2\/comments?post=367"}],"version-history":[{"count":39,"href":"https:\/\/seoframe.com\/es\/wp-json\/wp\/v2\/pages\/367\/revisions"}],"predecessor-version":[{"id":2317,"href":"https:\/\/seoframe.com\/es\/wp-json\/wp\/v2\/pages\/367\/revisions\/2317"}],"wp:attachment":[{"href":"https:\/\/seoframe.com\/es\/wp-json\/wp\/v2\/media?parent=367"}],"curies":[{"name":"wp","href":"https:\/\/api.w.org\/{rel}","templated":true}]}}