{"id":2716,"date":"2023-04-30T10:38:58","date_gmt":"2023-04-30T09:38:58","guid":{"rendered":"https:\/\/seoframe.com\/?page_id=2716"},"modified":"2023-11-12T12:15:10","modified_gmt":"2023-11-12T11:15:10","slug":"advanced-seo","status":"publish","type":"page","link":"https:\/\/seoframe.com\/es\/advanced-seo\/","title":{"rendered":"Instrumentos SEO Gratuitos"},"content":{"rendered":"<p><\/p>\n<h2 id=\"\"><u>Herramientas SEO instant\u00e1neas<\/u><\/h2>\n<p>Entrar en <a href=\"https:\/\/seoframe.com\/seo-tools.html\">la p\u00e1gina de las SEO herramientas gratuitas<\/a><\/p>\n<p>Consejos:<\/p>\n<p id=\"\">Haga clic en un solo bot\u00f3n para una mejor experiencia.<br \/>\nUtilice las herramientas en orden relacionado con sus prioridades.<br \/>\nPuede escribir sus notas sobre el sitio web auditado.<\/p>\n<p><\/p>","protected":false},"excerpt":{"rendered":"<p>Herramientas SEO instant\u00e1neas Entrar en la p\u00e1gina de las SEO herramientas gratuitas Consejos: Haga clic en un solo bot\u00f3n para una mejor experiencia. Utilice las herramientas en orden relacionado con sus prioridades. Puede escribir sus notas sobre el sitio web auditado.<\/p>\n<p class=\"continue-reading-button\"> <a class=\"continue-reading-link\" href=\"https:\/\/seoframe.com\/es\/advanced-seo\/\">Continue reading<i class=\"crycon-right-dir\"><\/i><\/a><\/p>\n","protected":false},"author":1,"featured_media":0,"parent":0,"menu_order":0,"comment_status":"closed","ping_status":"closed","template":"","meta":{"footnotes":""},"class_list":["post-2716","page","type-page","status-publish","hentry"],"aioseo_notices":[],"_links":{"self":[{"href":"https:\/\/seoframe.com\/es\/wp-json\/wp\/v2\/pages\/2716"}],"collection":[{"href":"https:\/\/seoframe.com\/es\/wp-json\/wp\/v2\/pages"}],"about":[{"href":"https:\/\/seoframe.com\/es\/wp-json\/wp\/v2\/types\/page"}],"author":[{"embeddable":true,"href":"https:\/\/seoframe.com\/es\/wp-json\/wp\/v2\/users\/1"}],"replies":[{"embeddable":true,"href":"https:\/\/seoframe.com\/es\/wp-json\/wp\/v2\/comments?post=2716"}],"version-history":[{"count":6,"href":"https:\/\/seoframe.com\/es\/wp-json\/wp\/v2\/pages\/2716\/revisions"}],"predecessor-version":[{"id":2838,"href":"https:\/\/seoframe.com\/es\/wp-json\/wp\/v2\/pages\/2716\/revisions\/2838"}],"wp:attachment":[{"href":"https:\/\/seoframe.com\/es\/wp-json\/wp\/v2\/media?parent=2716"}],"curies":[{"name":"wp","href":"https:\/\/api.w.org\/{rel}","templated":true}]}}