{"id":261,"date":"2017-07-08T15:36:25","date_gmt":"2017-07-08T15:36:25","guid":{"rendered":"https:\/\/seoframe.com\/?page_id=261"},"modified":"2020-01-08T22:16:44","modified_gmt":"2020-01-08T21:16:44","slug":"cookies","status":"publish","type":"page","link":"https:\/\/seoframe.com\/es\/cookies\/","title":{"rendered":"Cookies"},"content":{"rendered":"<p>Si\u00a0 desactivas las cookies tu nombre de usuario y contrase\u00f1a dejar\u00e1n de estar guardados en la p\u00e1gina.<\/p>\n<p>en Firefox:<\/p>\n<p>-Pulsa\u00a0 \u00abAlt\u00bb<br \/>\n-En la pantalla, elige \u00abHerramientas\u00bb y despu\u00e9s \u00abOpciones\u00bb<br \/>\n-Haz clic en \u00abPrivacidad\u00bb<br \/>\n-Desmarca la opci\u00f3n \u00abAceptar cookies\u00bb para desactivarlas y guarda los cambios<\/p>\n<p>Internet Explorer:<\/p>\n<p>-Haz clic en \u00abHerramientas\u00bb y despu\u00e9s en \u00abOpciones de internet\u00bb<br \/>\n-Selecciona \u00abPrivacidad\u00bb<br \/>\n-En \u00abAvanzada\u00bb puedes desactivar las cookies y guardar los cambios<\/p>\n<p>Google Chrome:<\/p>\n<p>&#8211; Haz clic en el men\u00fa \u00abHerramientas\u00bb<br \/>\n-Selecciona \u00abOpciones\u00bb<br \/>\n-Haz clic en la pesta\u00f1a \u00abAvanzada\u00bb. En la secci\u00f3n \u00abPrivacidad\u00bb, haz clic en \u00abConfiguraci\u00f3n de contenido\u00bb<br \/>\n-En la pesta\u00f1a \u00abCookies2 puedes deshabilitar las cookies y guardar los cambios seleccionados<\/p>\n<p>Safari:<\/p>\n<p>-En \u00abPreferencias\u00bb en el men\u00fa y haz clic en \u00abSeguridad\u00bb (parte superior derecha).<br \/>\n-En la secci\u00f3n \u00abAceptar cookies\u00bb, puedes elegir si Safari debe aceptar las cookies de los sitios a los que entras. Para obtener m\u00e1s informaci\u00f3n,haz clic en el signo de interrogaci\u00f3n.<br \/>\n-Para ver las cookies que se han almacenado en tu ordenador, haz clic en \u00abVer cookies\u00bb<\/p>","protected":false},"excerpt":{"rendered":"<p>Si\u00a0 desactivas las cookies tu nombre de usuario y contrase\u00f1a dejar\u00e1n de estar guardados en la p\u00e1gina. en Firefox: -Pulsa\u00a0 \u00abAlt\u00bb -En la pantalla, elige \u00abHerramientas\u00bb y despu\u00e9s \u00abOpciones\u00bb -Haz clic en \u00abPrivacidad\u00bb -Desmarca la opci\u00f3n \u00abAceptar cookies\u00bb para desactivarlas y guarda los cambios Internet Explorer: -Haz clic en \u00abHerramientas\u00bb&#8230;<\/p>\n<p class=\"continue-reading-button\"> <a class=\"continue-reading-link\" href=\"https:\/\/seoframe.com\/es\/cookies\/\">Continue reading<i class=\"crycon-right-dir\"><\/i><\/a><\/p>\n","protected":false},"author":1,"featured_media":0,"parent":0,"menu_order":0,"comment_status":"closed","ping_status":"closed","template":"","meta":{"footnotes":""},"class_list":["post-261","page","type-page","status-publish","hentry"],"aioseo_notices":[],"_links":{"self":[{"href":"https:\/\/seoframe.com\/es\/wp-json\/wp\/v2\/pages\/261"}],"collection":[{"href":"https:\/\/seoframe.com\/es\/wp-json\/wp\/v2\/pages"}],"about":[{"href":"https:\/\/seoframe.com\/es\/wp-json\/wp\/v2\/types\/page"}],"author":[{"embeddable":true,"href":"https:\/\/seoframe.com\/es\/wp-json\/wp\/v2\/users\/1"}],"replies":[{"embeddable":true,"href":"https:\/\/seoframe.com\/es\/wp-json\/wp\/v2\/comments?post=261"}],"version-history":[{"count":3,"href":"https:\/\/seoframe.com\/es\/wp-json\/wp\/v2\/pages\/261\/revisions"}],"predecessor-version":[{"id":2474,"href":"https:\/\/seoframe.com\/es\/wp-json\/wp\/v2\/pages\/261\/revisions\/2474"}],"wp:attachment":[{"href":"https:\/\/seoframe.com\/es\/wp-json\/wp\/v2\/media?parent=261"}],"curies":[{"name":"wp","href":"https:\/\/api.w.org\/{rel}","templated":true}]}}