{"id":222,"date":"2017-07-08T11:27:09","date_gmt":"2017-07-08T11:27:09","guid":{"rendered":"https:\/\/seoframe.com\/?page_id=222"},"modified":"2017-08-23T10:23:20","modified_gmt":"2017-08-23T09:23:20","slug":"sello-confianza-seo","status":"publish","type":"page","link":"https:\/\/seoframe.com\/es\/sello-confianza-seo\/","title":{"rendered":"SEO Confianza Sello"},"content":{"rendered":"<p><\/p>\n<h2><strong>Sello de confianza de optimizaci\u00f3n SEO<\/strong><\/h2>\n<h3><span style=\"color: #000080;\">\u00bfPorque tener el sello de confianza SEO y como funciona?<\/span><\/h3>\n<p><span style=\"color: #333399;\">Para obtener el sello una p\u00e1gina web debe estar perfectamente optimizada &#8211; con resultado m\u00ednimo de optimizaci\u00f3n de 80% y m\u00e1s. Si tiene por debajo de los 80% SEO no puede conseguir el sello. Llegar a tener el resultado SEO muy alto significa negocio m\u00e1s reconocido por los buscadores y m\u00e1s visible. Si un negocio es m\u00e1s visible significa m\u00e1s\u00a0\u00e9xito y m\u00e1s beneficio. Si tiene un negocio en Internet que no es visible esto es equivalente de no tener negocio online.<\/span><\/p>\n<h4><a href=\"#coste\">CONSIGUE GRATIS<\/a> EL SELLO DE OPTIMIZACI\u00d3N SEO &#8211; TRABAJA CON NOSOTROS<\/h4>\n<p><span style=\"color: #333399;\"><em><span style=\"text-decoration: underline;\">Si TU NEGOCIO ES IMPORTANTE PARA TI<\/span> <\/em>y quieres aprovechar esta doble ventaja -Optimizaci\u00f3n SEO Impecable + Sello de Optimizaci\u00f3n estaremos encantados de <a href=\"https:\/\/seoframe.com\/equipo-seo-contacto\/\">trabajar juntos<\/a>.<\/span><\/p>\n<h4>\u00bfQuales son las ventajas del sello SEO ?<\/h4>\n<p>-Mientras consigue el sello,mejorara considerablemente su optimizaci\u00f3n. Su visibilidad en los buscadores y respectivamente la rentabilidad de su negocio aumenta de forma proporcional.<\/p>\n<p>-Aumenta la confianza de su p\u00e1gina web.<\/p>\n<p>-Si es profesional,el sello de confianza SEO justifica su trabajo perfecto y garantiza a sus clientes satisfacci\u00f3n por una optimizaci\u00f3n completa.<\/p>\n<p>-El sello de seoframe.com es accesible<span id=\"result_box\" class=\"short_text\" lang=\"es\"><\/span> para todas p\u00e1ginas webs que consiguen una optimizaci\u00f3n SEO de 80% y p\u00e1ginas de productos en venta que est\u00e1n optimizadas por lo menos 72%.<\/p>\n<p>-El <strong>sello de SEO confianza<\/strong> no debe usarse para decoraci\u00f3n. Su significativo es optimizar y mantener optimizado el contenido web. Se consigue \u00fanicamente con trabajo real y se puede agregar solo en sitios web optimizados.(<a href=\"https:\/\/seoframe.com\/\">comprueba tu optimizaci\u00f3n<\/a>)<\/p>\n<p>Ejemplos Sello:<\/p>\n<p><img loading=\"lazy\" decoding=\"async\" class=\"alignnone wp-image-373 size-full\" title=\"sello confianza SEO\" src=\"https:\/\/seoframe.com\/wp-content\/uploads\/2017\/07\/seal-new.jpg\" alt=\"sello confianza SEO\" width=\"161\" height=\"161\" srcset=\"https:\/\/seoframe.com\/wp-content\/uploads\/2017\/07\/seal-new.jpg 161w, https:\/\/seoframe.com\/wp-content\/uploads\/2017\/07\/seal-new-150x150.jpg 150w, https:\/\/seoframe.com\/wp-content\/uploads\/2017\/07\/seal-new-100x100.jpg 100w\" sizes=\"(max-width: 161px) 100vw, 161px\" \/><\/p>\n<table style=\"width: 190px; height: 170px;\">\n<tbody>\n<tr>\n<td>\n<p><div style=\"width: 160px\" class=\"wp-caption alignnone\"><a href=\"https:\/\/seoframe.com\/sello-confianza-seo\/\" target=\"_blank\" rel=\"noopener\"><img loading=\"lazy\" decoding=\"async\" title=\"Seoframe.com SEO Score 80%\" src=\"https:\/\/seoframe.com\/wp-content\/uploads\/2017\/07\/seoframe-seal.jpg\" alt=\"Seoframe Control Score \" width=\"150\" height=\"150\" \/><\/a><p class=\"wp-caption-text\">SEO Confianza:82% Negociland.com<\/p><\/div><\/td>\n<\/tr>\n<tr>\n<td><\/td>\n<\/tr>\n<\/tbody>\n<\/table>\n<p>&nbsp;<\/p>\n<p><strong>Consigue nuestro sello de SEO Confianza Online<\/strong>:<\/p>\n<table style=\"width: 200px; height: 200px;\">\n<tbody>\n<tr>\n<th style=\"background-image: url('https:\/\/seoframe.com\/wp-content\/uploads\/2017\/07\/seo-sello-e1499547541762.jpg');\" colspan=\"1\"><\/th>\n<\/tr>\n<\/tbody>\n<\/table>\n<p>&nbsp;<\/p>\n<h4><span style=\"text-decoration: underline;\">\u00bfComo conseguir el sello de confianza SEO?<\/span><\/h4>\n<p><span style=\"text-decoration: underline;\">Colaboradores y profesionales web y marketing<\/span>:<\/p>\n<p>-Enviar para aprobaci\u00f3n la url donde quiere insertar el sello<\/p>\n<hr \/>\n<p><span style=\"text-decoration: underline;\">Empresas y particulares:<\/span><\/p>\n<p>-Enviar su p\u00e1gina web para comprobar la optimizaci\u00f3n SEO<\/p>\n<hr \/>\n<p id=\"coste\">Coste<\/p>\n<p><em>-Si es nuestro cliente o colaborador el sello de optimizaci\u00f3n es completamente Gratis<\/em><\/p>\n<p><em>-Si quiere conseguir el sello : <\/em><\/p>\n<p><em>a) su web todav\u00eda no est\u00e1 calificada de obtenerlo &#8211; el coste depende si nosotros nos encargamos de optimizarlo o no <\/em><\/p>\n<p><em>b) su web est\u00e1 optimizada y quiere insertar el sello de optimizaci\u00f3n: el coste es de 22 \u20ac anuales <\/em><\/p>\n<p>Despu\u00e9s de aprobaci\u00f3n recibir\u00e1 el c\u00f3digo html para insertar el sello<\/p>\n<form enctype=\"multipart\/form-data\" method=\"post\" id=\"psfb321\" action=\"https:\/\/seoframe.com\/es\/sello-confianza-seo\/\" class=\"planso-form-builder\" data-id=\"321\" data-cnt=\"1\" id=\"planso_forms_321_1\" data-locale=\"es\" data-locale_long=\"es_ES\" data-datepicker=\"bootstrap-datetimepicker\" data-date_format=\"F j, Y\" data-moment_date_format=\"MMMM D, YYYY\" data-jqueryui_date_format=\"MM d, yy\" data-eternicode_date_format=\"MM d, yyyy\"><div class=\"container-fluid\"><input type=\"hidden\" name=\"psfb_pageurl\" value=\"https:\/\/seoframe.com\/es\/sello-confianza-seo\/\"\/><input type=\"hidden\" name=\"psfb_userip\" value=\"216.73.216.111\"\/><input type=\"hidden\" name=\"psfb_useragent\" value=\"Mozilla\/5.0 AppleWebKit\/537.36 (KHTML, like Gecko; compatible; ClaudeBot\/1.0; +claudebot@anthropic.com)\"\/><input type=\"hidden\" name=\"psfb_landingpage\" value=\"http:\/\/seoframe.com\/es\/wp-json\/wp\/v2\/pages\/120\"\/><input type=\"hidden\" name=\"psfb_referer\" value=\"Direct\"\/><input type=\"hidden\" name=\"psfb_page_id\" value=\"222\"\/><input type=\"hidden\" name=\"psfb_form_submit\" value=\"1\"\/><input type=\"hidden\" name=\"psfb_form_id\" value=\"321\"\/><input type=\"hidden\" name=\"psfb_form_cnt\" value=\"1\"\/><div style=\"display:none\"><input type=\"text\" name=\"psfb_hon_as\"\/><\/div><div style=\"display:none\"><input type=\"text\" name=\"psfb_hon_as2\" id=\"psfb_hon_as2_321_1\" value=\"baabae0e29fced133ed0939bfe88ceec\"\/><\/div><div style=\"display:none\"><input type=\"text\" name=\"psfb_cnt_check\" value=\"1\"\/><\/div><div class=\"row\"><div class=\"col-md-12\"><div class=\"form-group psfb-single-container\"><label class=\"control-label\" for=\"psfield_321_1\">P\u00e1gina Web<span class=\"psfb_required_mark\">*<\/span><\/label><input type=\"text\" required=\"required\" data-required=\"required\" name=\"P_gina_Web\" value=\"\" class=\"form-control  \" id=\"psfield_321_1\" style=\"\"\/><\/div><\/div><\/div><div class=\"row\"><div class=\"col-md-12\"><div class=\"form-group psfb-single-container\"><label class=\"control-label\" for=\"psfield_321_2\">Nombre y apellidos<span class=\"psfb_required_mark\">*<\/span><\/label><input type=\"text\" required=\"required\" data-required=\"required\" name=\"Nombre_y_apellidos\" value=\"\" class=\"form-control  \" id=\"psfield_321_2\" style=\"\"\/><\/div><\/div><\/div><div class=\"row\"><div class=\"col-md-12\"><div class=\"form-group psfb-single-container\"><label class=\"control-label\" for=\"psfield_321_3\">Correo electr\u00f3nico<span class=\"psfb_required_mark\">*<\/span><\/label><input type=\"email\" required=\"required\" data-required=\"required\" name=\"Correo_electr_nico\" value=\"\" class=\"form-control  \" id=\"psfield_321_3\" style=\"\"\/><\/div><\/div><\/div><div class=\"row\"><div class=\"col-md-12\"><div class=\"form-group psfb-single-container\"><label class=\"control-label\" for=\"psfield_321_4\">Tel\u00e9fono m\u00f3vil<\/label><input type=\"tel\" name=\"Tel_fono_m_vil\" value=\"\" class=\"form-control \" id=\"psfield_321_4\" style=\"\"\/><\/div><\/div><\/div><div class=\"row\"><div class=\"col-md-12\"><div class=\"form-group psfb-single-container\"><label class=\"control-label\" for=\"psfield_321_5\">De acuerdo con los t\u00e9rminos y los datos personales<span class=\"psfb_required_mark\">*<\/span><\/label><div class=\"checkbox_wrapper\"><label class=\"checkbox-inline checkbox_wrapper\" style=\"\"><input data-required=\"required\" type=\"checkbox\" value=\"SI\" name=\"De_acuerdo_con_los_t_rminos_y_los_datos_personales[]\" id=\"psfield_321_5_1\"><\/label><\/div><\/div><\/div><\/div><div class=\"row\"><div class=\"col-md-12\"><div class=\"form-group psfb-single-container\"><div style=\"position:relative;z-index:1;\"><button type=\"submit\" class=\"btn btn-primary       \" id=\"psfield_321_6\" style=\"\">Enviar<\/button><\/div><\/div><\/div><\/div><\/div><\/form>\n<style>\nh2 {<br \/>\ntext-shadow: 2px 3px #BDBDBD;<br \/>\n}<br \/>\n<\/style>\n<p><\/p>","protected":false},"excerpt":{"rendered":"<p>Sello de confianza de optimizaci\u00f3n SEO \u00bfPorque tener el sello de confianza SEO y como funciona? Para obtener el sello una p\u00e1gina web debe estar perfectamente optimizada &#8211; con resultado m\u00ednimo de optimizaci\u00f3n de 80% y m\u00e1s. Si tiene por debajo de los 80% SEO no puede conseguir el sello&#8230;.<\/p>\n<p class=\"continue-reading-button\"> <a class=\"continue-reading-link\" href=\"https:\/\/seoframe.com\/es\/sello-confianza-seo\/\">Continue reading<i class=\"crycon-right-dir\"><\/i><\/a><\/p>\n","protected":false},"author":1,"featured_media":0,"parent":0,"menu_order":0,"comment_status":"closed","ping_status":"closed","template":"","meta":{"footnotes":""},"class_list":["post-222","page","type-page","status-publish","hentry"],"aioseo_notices":[],"_links":{"self":[{"href":"https:\/\/seoframe.com\/es\/wp-json\/wp\/v2\/pages\/222"}],"collection":[{"href":"https:\/\/seoframe.com\/es\/wp-json\/wp\/v2\/pages"}],"about":[{"href":"https:\/\/seoframe.com\/es\/wp-json\/wp\/v2\/types\/page"}],"author":[{"embeddable":true,"href":"https:\/\/seoframe.com\/es\/wp-json\/wp\/v2\/users\/1"}],"replies":[{"embeddable":true,"href":"https:\/\/seoframe.com\/es\/wp-json\/wp\/v2\/comments?post=222"}],"version-history":[{"count":29,"href":"https:\/\/seoframe.com\/es\/wp-json\/wp\/v2\/pages\/222\/revisions"}],"predecessor-version":[{"id":1856,"href":"https:\/\/seoframe.com\/es\/wp-json\/wp\/v2\/pages\/222\/revisions\/1856"}],"wp:attachment":[{"href":"https:\/\/seoframe.com\/es\/wp-json\/wp\/v2\/media?parent=222"}],"curies":[{"name":"wp","href":"https:\/\/api.w.org\/{rel}","templated":true}]}}