{"id":171,"date":"2017-07-06T17:24:44","date_gmt":"2017-07-06T17:24:44","guid":{"rendered":"https:\/\/seoframe.com\/?page_id=171"},"modified":"2020-02-16T14:06:39","modified_gmt":"2020-02-16T13:06:39","slug":"blogseonovedades","status":"publish","type":"page","link":"https:\/\/seoframe.com\/es\/blogseonovedades\/","title":{"rendered":"Blog SEO Novedades"},"content":{"rendered":"<p><\/p>\n<h2>Blog sobre las \u00daltimas Novedades y discusiones SEO<\/h2>\n<h3>Algoritmos de b\u00fasqueda de Google<\/h3>\n<p><span style=\"text-decoration: underline;\">Blog SEO<\/span><\/p>\n<p>Puedes discutir las \u00faltimas novedades SEO y los algoritmos de Google en este blog&#8230;Tambi\u00e9n otras cuestiones relacionadas con el SEO<\/p>\n<hr>\n<p>Sponsors:<br \/>\nBenefit from fantastic savings on <a href=\"https:\/\/thephotoapp.co.uk\">passport photos<\/a> , just by taking a look at https:\/\/thephotoapp.co.uk<\/p>","protected":false},"excerpt":{"rendered":"<p>Blog sobre las \u00daltimas Novedades y discusiones SEO Algoritmos de b\u00fasqueda de Google Blog SEO Puedes discutir las \u00faltimas novedades SEO y los algoritmos de Google en este blog&#8230;Tambi\u00e9n otras cuestiones relacionadas con el SEO Sponsors: Benefit from fantastic savings on passport photos , just by taking a look at&#8230;<\/p>\n<p class=\"continue-reading-button\"> <a class=\"continue-reading-link\" href=\"https:\/\/seoframe.com\/es\/blogseonovedades\/\">Continue reading<i class=\"crycon-right-dir\"><\/i><\/a><\/p>\n","protected":false},"author":1,"featured_media":0,"parent":0,"menu_order":0,"comment_status":"closed","ping_status":"closed","template":"","meta":{"footnotes":""},"class_list":["post-171","page","type-page","status-publish","hentry"],"aioseo_notices":[],"_links":{"self":[{"href":"https:\/\/seoframe.com\/es\/wp-json\/wp\/v2\/pages\/171"}],"collection":[{"href":"https:\/\/seoframe.com\/es\/wp-json\/wp\/v2\/pages"}],"about":[{"href":"https:\/\/seoframe.com\/es\/wp-json\/wp\/v2\/types\/page"}],"author":[{"embeddable":true,"href":"https:\/\/seoframe.com\/es\/wp-json\/wp\/v2\/users\/1"}],"replies":[{"embeddable":true,"href":"https:\/\/seoframe.com\/es\/wp-json\/wp\/v2\/comments?post=171"}],"version-history":[{"count":9,"href":"https:\/\/seoframe.com\/es\/wp-json\/wp\/v2\/pages\/171\/revisions"}],"predecessor-version":[{"id":2516,"href":"https:\/\/seoframe.com\/es\/wp-json\/wp\/v2\/pages\/171\/revisions\/2516"}],"wp:attachment":[{"href":"https:\/\/seoframe.com\/es\/wp-json\/wp\/v2\/media?parent=171"}],"curies":[{"name":"wp","href":"https:\/\/api.w.org\/{rel}","templated":true}]}}