{"id":1673,"date":"2017-08-05T16:57:35","date_gmt":"2017-08-05T15:57:35","guid":{"rendered":"https:\/\/seoframe.com\/?page_id=1673"},"modified":"2017-08-25T14:44:12","modified_gmt":"2017-08-25T13:44:12","slug":"trabajo-director-ejecutivo-marketing","status":"publish","type":"page","link":"https:\/\/seoframe.com\/es\/trabajo-director-ejecutivo-marketing\/","title":{"rendered":"Trabajo Director Ejecutivo Marketing"},"content":{"rendered":"<p><\/p>\n<h2>Trabajo Director Ejecutivo Marketing en su pa\u00eds de origen:<\/h2>\n<p><code><!-- Codes by HTML.am --><marquee behavior=\"scroll\" direction=\"left\" scrollamount=\"4\"><img decoding=\"async\" src=\"https:\/\/seoframe.com\/wp-content\/uploads\/2017\/08\/Mexico-director-marketing.png\" alt=\"Trabajo Ejecutivo Marketing Mexico\" \/><img decoding=\"async\" src=\"https:\/\/seoframe.com\/wp-content\/uploads\/2017\/08\/Colombia-director-ejecutivo.png \" alt=\"Trabjo Director Colombia\" \/><img decoding=\"async\" src=\"https:\/\/seoframe.com\/wp-content\/uploads\/2017\/08\/Argentina-director-marketing.png\" alt=\"Trabajo Director Marketing Argentina \" \/><img decoding=\"async\" src=\"https:\/\/seoframe.com\/wp-content\/uploads\/2017\/08\/Ecuador-director-ejecutivo.png\" alt=\"Director Ejecutivo Ecuador \" \/><img decoding=\"async\" src=\"https:\/\/seoframe.com\/wp-content\/uploads\/2017\/08\/United-States-of-Americ-icon-1.png\" alt=\"Trabajo Ejecutivo Estados Unidos\" \/><img decoding=\"async\" src=\"https:\/\/seoframe.com\/wp-content\/uploads\/2017\/08\/Peru-director-ejecutivo.png\" alt=\"Trabajo Director Marketing Peru\" \/><img decoding=\"async\" src=\"https:\/\/seoframe.com\/wp-content\/uploads\/2017\/08\/Brazil-ejecutivo-marketing.png\" alt=\"Trabajo Director Brazil\" \/><img decoding=\"async\" src=\"https:\/\/seoframe.com\/wp-content\/uploads\/2017\/08\/Venezuela-ejecutivo-marketing.png\" alt=\"Trabajo ejecutivo marketing Venezuela\" \/><img decoding=\"async\" src=\"https:\/\/seoframe.com\/wp-content\/uploads\/2017\/08\/Chile-director-marketing.png\" alt=\"Trabajo Director Marketing Chile\" \/><\/marquee><!-- Codes by HTML.am--><\/code><\/p>\n<p style=\"text-align: center;\">En relaci\u00f3n con su expansi\u00f3n mundial Seoframe.com ofrece puesto de Trabajo Director Ejecutivo de Marketing.<br \/>\nEl trabajo es para Mexico,Argentina,Colombia,Venezuela, Ecuador,Chile,Peru y Brazil.<br \/>\nLa posici\u00f3n est\u00e1 disponible tambi\u00e9n para el resto de los pa\u00edses de Am\u00e9rica Central,Am\u00e9rica del Sur,Estados Unidos y Canad\u00e1.<\/p>\n<h3>Obligaciones-puesto de\u00a0<strong>Trabajo de Director Ejecutivo Marketing<\/strong><\/h3>\n<p>Dirige todos asuntos de Seoframe.com en su pa\u00eds. El ejecutivo se ocupa de la Relaci\u00f3n con los Clientes y el Personal (si se precisa). Controla y mejora las ventas offline y online utilizando distintos medios de marketing con herramientas y iniciativas propias y de la empresa. Uno de los objetivos principales es ampliar los servicios de la empresa en su pa\u00eds. Para cumplir esta meta el director de marketing puede participar en campa\u00f1as usando las redes sociales y el espacio digital,defendiendo la marca y los intereses de la empresa. El director es responsable final de representar Seoframe.com tanto frente al cliente como ante las empresas socios que est\u00e1n usando nuestros productos digitales. En las etapas m\u00e1s avanzados de la empresa dirige los empleados y contribuye para la mejora de las condiciones y la informaci\u00f3n necesaria para los trabajos de los clientes. Debe comunicar de forma m\u00e1s activa posible con la central sobre todos asuntos m\u00e1s complicados y dificiles de resolver.<\/p>\n<p><strong>Derechos<\/strong>:<br \/>\n-Tiene su propio espacio digital en Seoframe.com (correo electr\u00f3nico,clientes,ofertas).<br \/>\n-Toma decisiones importantes sobre la expansi\u00f3n y la mejora de los servicios de la empresa.<br \/>\n-Hacer propuestas sobre los productos y los servicios.<br \/>\n-Publicar y negociar ofertas o anuncios de nombre de la empresa en su pa\u00eds(despu\u00e9s de aprobaci\u00f3n por la central).<br \/>\n-Tener su propio c\u00f3digo de descuento para clientes y indentificaci\u00f3n de la venta.<\/p>\n<p><strong>Requisitos Obligatorios para ocupar el puesto<\/strong>:<br \/>\n-Residente en el pa\u00eds donde est\u00e1 presentada la solicitud.<br \/>\n-Persona Responsable,Seria,Respetable y con Ganas de Progresar.<br \/>\n-Sin antecedentes.<br \/>\n-Buenos conocimientos Internet y Web por lo menos a nivel usuario.<br \/>\n-Posibilidad de demostrar todos los requisitos obligatorios.<\/p>\n<p><strong>Requisitos Deseables<\/strong>:<br \/>\n-Educaci\u00f3n Superior.<br \/>\n-Experiencia en marketing o como encargado en puesto de trabajo parecido.<br \/>\n-Idiomas.<\/p>\n<ul>\n<li><strong>Remuneraci\u00f3n Mensual<\/strong><\/li>\n<li>25% de todas ventas directas offline y online<\/li>\n<li>+ % conseguido gracias a ventas indirectas a trav\u00e9s de personal,empresas socios o afiliados.<\/li>\n<\/ul>\n<p>&nbsp;<\/p>\n<hr \/>\n<h4>Presentar curr\u00edculum:<\/h4>\n<p><span style=\"text-decoration: underline;\">info@seoframe.com<\/span><\/p>\n<p>&nbsp;<\/p>\n<style>h2{text-shadow: 2px 3px #BDBDBD;}<\/style>\n<p>&nbsp;<\/p>","protected":false},"excerpt":{"rendered":"<p>Trabajo Director Ejecutivo Marketing en su pa\u00eds de origen: En relaci\u00f3n con su expansi\u00f3n mundial Seoframe.com ofrece puesto de Trabajo Director Ejecutivo de Marketing. El trabajo es para Mexico,Argentina,Colombia,Venezuela, Ecuador,Chile,Peru y Brazil. La posici\u00f3n est\u00e1 disponible tambi\u00e9n para el resto de los pa\u00edses de Am\u00e9rica Central,Am\u00e9rica del Sur,Estados Unidos y&#8230;<\/p>\n<p class=\"continue-reading-button\"> <a class=\"continue-reading-link\" href=\"https:\/\/seoframe.com\/es\/trabajo-director-ejecutivo-marketing\/\">Continue reading<i class=\"crycon-right-dir\"><\/i><\/a><\/p>\n","protected":false},"author":1,"featured_media":0,"parent":0,"menu_order":0,"comment_status":"closed","ping_status":"closed","template":"","meta":{"footnotes":""},"class_list":["post-1673","page","type-page","status-publish","hentry"],"aioseo_notices":[],"_links":{"self":[{"href":"https:\/\/seoframe.com\/es\/wp-json\/wp\/v2\/pages\/1673"}],"collection":[{"href":"https:\/\/seoframe.com\/es\/wp-json\/wp\/v2\/pages"}],"about":[{"href":"https:\/\/seoframe.com\/es\/wp-json\/wp\/v2\/types\/page"}],"author":[{"embeddable":true,"href":"https:\/\/seoframe.com\/es\/wp-json\/wp\/v2\/users\/1"}],"replies":[{"embeddable":true,"href":"https:\/\/seoframe.com\/es\/wp-json\/wp\/v2\/comments?post=1673"}],"version-history":[{"count":39,"href":"https:\/\/seoframe.com\/es\/wp-json\/wp\/v2\/pages\/1673\/revisions"}],"predecessor-version":[{"id":1952,"href":"https:\/\/seoframe.com\/es\/wp-json\/wp\/v2\/pages\/1673\/revisions\/1952"}],"wp:attachment":[{"href":"https:\/\/seoframe.com\/es\/wp-json\/wp\/v2\/media?parent=1673"}],"curies":[{"name":"wp","href":"https:\/\/api.w.org\/{rel}","templated":true}]}}