{"id":1304,"date":"2017-07-29T22:16:36","date_gmt":"2017-07-29T21:16:36","guid":{"rendered":"https:\/\/seoframe.com\/?page_id=1304"},"modified":"2017-07-30T23:01:35","modified_gmt":"2017-07-30T22:01:35","slug":"comprobar-seo-gratis","status":"publish","type":"page","link":"https:\/\/seoframe.com\/es\/comprobar-seo-gratis\/","title":{"rendered":"Comprobar SEO Gratis"},"content":{"rendered":"<h2 style=\"text-align: center;\">Comprobar SEO Gratis de Manera Profesional<\/h2>\n<p style=\"text-align: center;\">COMPROBAR SEO GRATIS DE MANERA PROFESIONAL enviando tu p\u00e1gina web con este formulario:<\/p>\n<form enctype=\"multipart\/form-data\" method=\"post\" id=\"psfb182\" action=\"https:\/\/seoframe.com\/es\/comprobar-seo-gratis\/\" class=\"planso-form-builder\" data-id=\"182\" data-cnt=\"1\" id=\"planso_forms_182_1\" data-locale=\"es\" data-locale_long=\"es_ES\" data-datepicker=\"bootstrap-datetimepicker\" data-date_format=\"F j, Y\" data-moment_date_format=\"MMMM D, YYYY\" data-jqueryui_date_format=\"MM d, yy\" data-eternicode_date_format=\"MM d, yyyy\"><div class=\"container-fluid\"><input type=\"hidden\" name=\"psfb_pageurl\" value=\"https:\/\/seoframe.com\/es\/comprobar-seo-gratis\/\"\/><input type=\"hidden\" name=\"psfb_userip\" value=\"216.73.216.111\"\/><input type=\"hidden\" name=\"psfb_useragent\" value=\"Mozilla\/5.0 AppleWebKit\/537.36 (KHTML, like Gecko; compatible; ClaudeBot\/1.0; +claudebot@anthropic.com)\"\/><input type=\"hidden\" name=\"psfb_landingpage\" value=\"http:\/\/seoframe.com\/es\/wp-json\/oembed\/1.0\/embed?url=https%3A%2F%2Fseoframe.com%2Fes%2Fblog-google%2F\"\/><input type=\"hidden\" name=\"psfb_referer\" value=\"Direct\"\/><input type=\"hidden\" name=\"psfb_page_id\" value=\"1304\"\/><input type=\"hidden\" name=\"psfb_form_submit\" value=\"1\"\/><input type=\"hidden\" name=\"psfb_form_id\" value=\"182\"\/><input type=\"hidden\" name=\"psfb_form_cnt\" value=\"1\"\/><div style=\"display:none\"><input type=\"text\" name=\"psfb_hon_as\"\/><\/div><div style=\"display:none\"><input type=\"text\" name=\"psfb_hon_as2\" id=\"psfb_hon_as2_182_1\" value=\"8231a492d93bdc50e36428def2b7ef97\"\/><\/div><div style=\"display:none\"><input type=\"text\" name=\"psfb_cnt_check\" value=\"1\"\/><\/div><div class=\"row\"><div class=\"col-md-12\"><div class=\"form-group psfb-single-container\"><label class=\"control-label\" for=\"psfield_182_1\">P\u00e1gina Web<span class=\"psfb_required_mark\">*<\/span><\/label><input type=\"text\" required=\"required\" data-required=\"required\" name=\"P_gina_Web\" value=\"\" class=\"form-control  \" id=\"psfield_182_1\" style=\"\"\/><\/div><\/div><\/div><div class=\"row\"><div class=\"col-md-12\"><div class=\"form-group psfb-single-container\"><label class=\"control-label\" for=\"psfield_182_2\">Nombre y apellidos<span class=\"psfb_required_mark\">*<\/span><\/label><input type=\"text\" required=\"required\" data-required=\"required\" name=\"Nombre_y_apellidos\" value=\"\" class=\"form-control  \" id=\"psfield_182_2\" style=\"\"\/><\/div><\/div><\/div><div class=\"row\"><div class=\"col-md-12\"><div class=\"form-group psfb-single-container\"><label class=\"control-label\" for=\"psfield_182_3\">Correo electr\u00f3nico<span class=\"psfb_required_mark\">*<\/span><\/label><input type=\"email\" required=\"required\" data-required=\"required\" name=\"Correo_electr_nico\" value=\"\" class=\"form-control  \" id=\"psfield_182_3\" style=\"\"\/><\/div><\/div><\/div><div class=\"row\"><div class=\"col-md-12\"><div class=\"form-group psfb-single-container\"><label class=\"control-label\" for=\"psfield_182_4\">De acuerdo con los t\u00e9rminos y los datos personales<span class=\"psfb_required_mark\">*<\/span><\/label><div class=\"checkbox_wrapper\"><label class=\"checkbox-inline checkbox_wrapper\" style=\"\"><input data-required=\"required\" type=\"checkbox\" value=\"SI\" name=\"De_acuerdo_con_los_t_rminos_y_los_datos_personales[]\" id=\"psfield_182_4_1\"><\/label><\/div><\/div><\/div><\/div><div class=\"row\"><div class=\"col-md-12\"><div class=\"form-group psfb-single-container\"><div style=\"position:relative;z-index:1;\"><button type=\"submit\" class=\"btn btn-primary       \" id=\"psfield_182_5\" style=\"\">Enviar<\/button><\/div><\/div><\/div><\/div><\/div><\/form>\n<p>&nbsp;<\/p>\n<p>En la compobaci\u00f3n usamos varias herramientas que nos permiten detectar al 100% los numerosos <a href=\"https:\/\/seoframe.com\/seo-profesional-web\/\">par\u00e1metros de los que depende tu SEO\u00a0<\/a>:<\/p>\n<p>DOMINIO<\/p>\n<p>HOSTING Y SERVIDOR<\/p>\n<p>CONTENIDO<\/p>\n<p>ERRORES META<\/p>\n<p>SCRIPTS ,CDN Y VELOCIDAD<\/p>\n<p>CACHE<\/p>\n<p>TAGS CONTENIDO<\/p>\n<p>TAG(S) IDIOMA(S)<\/p>\n<p>REDIRECCI\u00d3NES<\/p>\n<p>TAMA\u00d1O DEL DOCUMENTO HTML<\/p>\n<p>ENLACES<\/p>\n<p>REDES SOCIALES<\/p>\n<p>IM\u00c1GENES<\/p>\n<p>LOCALIZACI\u00d3N SERVIDOR<\/p>\n<p>&nbsp;<\/p>\n<p>&nbsp;<\/p>\n","protected":false},"excerpt":{"rendered":"<p>Comprobar SEO Gratis de Manera Profesional COMPROBAR SEO GRATIS DE MANERA PROFESIONAL enviando tu p\u00e1gina web con este formulario: &nbsp; En la compobaci\u00f3n usamos varias herramientas que nos permiten detectar al 100% los numerosos par\u00e1metros de los que depende tu SEO\u00a0: DOMINIO HOSTING Y SERVIDOR CONTENIDO ERRORES META SCRIPTS ,CDN&#8230;<\/p>\n<p class=\"continue-reading-button\"> <a class=\"continue-reading-link\" href=\"https:\/\/seoframe.com\/es\/comprobar-seo-gratis\/\">Continue reading<i class=\"crycon-right-dir\"><\/i><\/a><\/p>\n","protected":false},"author":1,"featured_media":0,"parent":0,"menu_order":0,"comment_status":"closed","ping_status":"closed","template":"","meta":{"footnotes":""},"class_list":["post-1304","page","type-page","status-publish","hentry"],"aioseo_notices":[],"_links":{"self":[{"href":"https:\/\/seoframe.com\/es\/wp-json\/wp\/v2\/pages\/1304"}],"collection":[{"href":"https:\/\/seoframe.com\/es\/wp-json\/wp\/v2\/pages"}],"about":[{"href":"https:\/\/seoframe.com\/es\/wp-json\/wp\/v2\/types\/page"}],"author":[{"embeddable":true,"href":"https:\/\/seoframe.com\/es\/wp-json\/wp\/v2\/users\/1"}],"replies":[{"embeddable":true,"href":"https:\/\/seoframe.com\/es\/wp-json\/wp\/v2\/comments?post=1304"}],"version-history":[{"count":6,"href":"https:\/\/seoframe.com\/es\/wp-json\/wp\/v2\/pages\/1304\/revisions"}],"predecessor-version":[{"id":1419,"href":"https:\/\/seoframe.com\/es\/wp-json\/wp\/v2\/pages\/1304\/revisions\/1419"}],"wp:attachment":[{"href":"https:\/\/seoframe.com\/es\/wp-json\/wp\/v2\/media?parent=1304"}],"curies":[{"name":"wp","href":"https:\/\/api.w.org\/{rel}","templated":true}]}}