{"id":120,"date":"2017-07-06T12:19:37","date_gmt":"2017-07-06T11:19:37","guid":{"rendered":"https:\/\/seoframe.com\/?page_id=120"},"modified":"2017-08-22T17:40:47","modified_gmt":"2017-08-22T16:40:47","slug":"seo-profesional-web","status":"publish","type":"page","link":"https:\/\/seoframe.com\/es\/seo-profesional-web\/","title":{"rendered":"SEO Profesional. Proyecto Web. Negocio Online"},"content":{"rendered":"<p><\/p>\n<h3 style=\"text-align: center;\">SEO PROFESIONAL. FACTORES Y PAR\u00c1METROS<\/h3>\n<p>La optimizaci\u00f3n de un negocio online ,sobre todo si se trata de comercio no es un proceso \u00fanico. El posicionamiento se consigue de forma gradual gracias al trabajo completado durante todo el tiempo<\/p>\n<p>En la p\u00e1gina principal puedes ver en que consiste todo el trabajo que Phacemos para completar tu <a href=\"\/\">Proyecto Web SEO<\/a> y subir la p\u00e1gina web entre las primeras posiciones.<\/p>\n<p>&nbsp;<\/p>","protected":false},"excerpt":{"rendered":"<p>SEO PROFESIONAL. FACTORES Y PAR\u00c1METROS La optimizaci\u00f3n de un negocio online ,sobre todo si se trata de comercio no es un proceso \u00fanico. El posicionamiento se consigue de forma gradual gracias al trabajo completado durante todo el tiempo En la p\u00e1gina principal puedes ver en que consiste todo el trabajo&#8230;<\/p>\n<p class=\"continue-reading-button\"> <a class=\"continue-reading-link\" href=\"https:\/\/seoframe.com\/es\/seo-profesional-web\/\">Continue reading<i class=\"crycon-right-dir\"><\/i><\/a><\/p>\n","protected":false},"author":1,"featured_media":0,"parent":0,"menu_order":0,"comment_status":"closed","ping_status":"closed","template":"","meta":{"footnotes":""},"class_list":["post-120","page","type-page","status-publish","hentry"],"aioseo_notices":[],"_links":{"self":[{"href":"https:\/\/seoframe.com\/es\/wp-json\/wp\/v2\/pages\/120"}],"collection":[{"href":"https:\/\/seoframe.com\/es\/wp-json\/wp\/v2\/pages"}],"about":[{"href":"https:\/\/seoframe.com\/es\/wp-json\/wp\/v2\/types\/page"}],"author":[{"embeddable":true,"href":"https:\/\/seoframe.com\/es\/wp-json\/wp\/v2\/users\/1"}],"replies":[{"embeddable":true,"href":"https:\/\/seoframe.com\/es\/wp-json\/wp\/v2\/comments?post=120"}],"version-history":[{"count":123,"href":"https:\/\/seoframe.com\/es\/wp-json\/wp\/v2\/pages\/120\/revisions"}],"predecessor-version":[{"id":1834,"href":"https:\/\/seoframe.com\/es\/wp-json\/wp\/v2\/pages\/120\/revisions\/1834"}],"wp:attachment":[{"href":"https:\/\/seoframe.com\/es\/wp-json\/wp\/v2\/media?parent=120"}],"curies":[{"name":"wp","href":"https:\/\/api.w.org\/{rel}","templated":true}]}}