{"id":1090,"date":"2017-07-23T21:49:06","date_gmt":"2017-07-23T20:49:06","guid":{"rendered":"https:\/\/seoframe.com\/?page_id=1090"},"modified":"2020-01-08T22:23:33","modified_gmt":"2020-01-08T21:23:33","slug":"gana-clientes-servicios-profesionales-web","status":"publish","type":"page","link":"https:\/\/seoframe.com\/es\/gana-clientes-servicios-profesionales-web\/","title":{"rendered":"Gana clientes con nuestros Servicios Profesionales Web y SEO para Empresas"},"content":{"rendered":"<p><\/p>\n<h2>Servicios Profesionales para Empresas<\/h2>\n<p><span style=\"text-decoration: underline;\">Los servicios profesionales de Seoframe.com a\u00f1aden nuevas oportunidades para tu negocio y<strong> te permiten ganar m\u00e1s clientes<\/strong><\/span>.<\/p>\n<p>Colaboramos a nivel profesional con tu <span style=\"text-decoration: underline;\">empresa de Publicidad<\/span><span style=\"text-decoration: underline;\">,<\/span><span style=\"text-decoration: underline;\"> Marketing o Servicios<\/span>. Con nuestro Pack Gratis para Empresas puedes ofrecer nuevos productos a tus clientes (online o en tu negocio f\u00edsico) sin dificultades.<\/p>\n<h3>Gana M\u00e1s Clientes Nosotros Hacemos el Trabajo por Ti<\/h3>\n<p>M\u00c1S CLIENTES-M\u00c1S BENEFICIO<\/p>\n<p><span style=\"text-decoration: underline;\">\u00bfTienes o vas a crear empresa de Servicios ?<\/span><\/p>\n<p>Te ayudamos a a\u00f1adir nuevos servicios profesionales a tu cartera y obtener m\u00e1s clientes satisfechos y <strong>m\u00e1s beneficio:<\/strong> <strong>30% de cada pedido<\/strong>.<\/p>\n<table style=\"width: 100%; border-color: #08088a; margin-left: auto; margin-right: auto;\" border=\"1\">\n<tbody>\n<tr>\n<td style=\"background-color: #e0ecf8; text-align: center;\">\n<form action=\"https:\/\/seoframe.com\/servicios-web\/#formulario\"><input type=\"submit\" value=\"GANA M\u00c1S CON TU EMPRESA\" \/><\/form>\n<p>30% DE BENEFICIO CON NUESTROS SERVICIOS PARA EMPRESA-SOCIO<\/td>\n<\/tr>\n<\/tbody>\n<\/table>\n<h4>Programa de colaboraci\u00f3n para Servicios Profesionales Web y SEO<\/h4>\n<p>-Encarga tu <strong>Pack de Socio Gratis<\/strong> para empresas usando tu email profesional.<\/p>\n<p>-Averiguamos tu solicitud y cambiamos tu cuenta de cliente a colaborador.<\/p>\n<p>-Esto es Todo. El cliente paga a tu empresa y luego puedes hacer el pedido con el <a href=\"https:\/\/seoframe.com\/servicios-web\/#formulario\">formulario de servicios<\/a> o lo pides directamente desde nuestra web. Cuando compras el producto desde nuestra web ya tendr\u00e1s recibido tu cup\u00f3n de descuento como profesional. En momento del pago lo aplicas y con la diferencia ganas entre 20% y 30% dependiendo del producto.<\/p>\n<div id=\"attachment_1100\" style=\"width: 260px\" class=\"wp-caption aligncenter\"><a href=\"https:\/\/seoframe.com\/product\/gana-mas-con-tu-empresa\/\"><img loading=\"lazy\" decoding=\"async\" aria-describedby=\"caption-attachment-1100\" class=\"wp-image-1100 size-full\" title=\"empresa socio pack gratis\" src=\"https:\/\/seoframe.com\/wp-content\/uploads\/2017\/07\/empresa-socio-pack.jpg\" alt=\"empresa socio pack gratis\" width=\"250\" height=\"262\" \/><\/a><p id=\"caption-attachment-1100\" class=\"wp-caption-text\">HAZ CLICK PARA PARTICIPAR GRATIS<\/p><\/div>\n<p>Despu\u00e9s de tu registro nos puedes enviar los pedidos de tus clientes online y clientes f\u00edsicos. Si trabajamos sobre un producto que tenemos puesto ya en la web puedes comprarlo directamente. Si nos enviaste el pedido a trav\u00e9s del formulario de servicios te preparamos el presupuesto lo m\u00e1s r\u00e1pido posible.Podemos crear en venta un producto especial para tu cliente.<\/p>\n<h4><span style=\"text-decoration: underline;\">Tus Ganancias como Empresa<\/span><\/h4>\n<p>&#8211;<a href=\"https:\/\/seoframe.com\/categoria-producto\/web-y-comercio\/\"><span style=\"text-decoration: underline;\">Productos Web y SEO<\/span><\/a>\u00a0\u00a0 GANANCIA de 30%<\/p>\n<p>&#8211;<a href=\"https:\/\/seoframe.com\/categoria-producto\/hosting\/\"><span style=\"text-decoration: underline;\">Productos Hosting<\/span><\/a>\u00a0\u00a0 GANANCIA de 20%<\/p>\n<p>Todos descuentos se hacen sobre el importe neto y luego deber\u00edas poder enviarnos factura por el mismo importe.<\/p>\n<p>El pack de socio con seoframe es equivalente a un producto dropshipping de servicios. Sabemos que el dropshipping de productos es muy popular y tiene su dificultades adicionales. Sin embargo con menos competencia profesional el \u00abdropshipper \u00ab-revendedor de servicios profesionales puede ampliar la cartera de servicios y ganar mucho m\u00e1s.<\/p>\n<p style=\"text-align: center;\"><img loading=\"lazy\" decoding=\"async\" class=\"size-medium wp-image-1129 aligncenter\" src=\"https:\/\/seoframe.com\/wp-content\/uploads\/2017\/07\/asociaci\u00f3n-empresas-300x300.jpg\" alt=\"asociaci\u00f3n empresas beneficio m\u00fatuo\" width=\"300\" height=\"300\" srcset=\"https:\/\/seoframe.com\/wp-content\/uploads\/2017\/07\/asociaci\u00f3n-empresas-300x300.jpg 300w, https:\/\/seoframe.com\/wp-content\/uploads\/2017\/07\/asociaci\u00f3n-empresas-100x100.jpg 100w, https:\/\/seoframe.com\/wp-content\/uploads\/2017\/07\/asociaci\u00f3n-empresas-600x598.jpg 600w, https:\/\/seoframe.com\/wp-content\/uploads\/2017\/07\/asociaci\u00f3n-empresas-150x150.jpg 150w, https:\/\/seoframe.com\/wp-content\/uploads\/2017\/07\/asociaci\u00f3n-empresas-768x765.jpg 768w, https:\/\/seoframe.com\/wp-content\/uploads\/2017\/07\/asociaci\u00f3n-empresas.jpg 873w\" sizes=\"(max-width: 300px) 100vw, 300px\" \/><\/p>\n<style>\nh2 {text-shadow: 2px 3px #BDBDBD;}<\/style>\n<p><\/p>","protected":false},"excerpt":{"rendered":"<p>Servicios Profesionales para Empresas Los servicios profesionales de Seoframe.com a\u00f1aden nuevas oportunidades para tu negocio y te permiten ganar m\u00e1s clientes. Colaboramos a nivel profesional con tu empresa de Publicidad, Marketing o Servicios. Con nuestro Pack Gratis para Empresas puedes ofrecer nuevos productos a tus clientes (online o en tu&#8230;<\/p>\n<p class=\"continue-reading-button\"> <a class=\"continue-reading-link\" href=\"https:\/\/seoframe.com\/es\/gana-clientes-servicios-profesionales-web\/\">Continue reading<i class=\"crycon-right-dir\"><\/i><\/a><\/p>\n","protected":false},"author":1,"featured_media":0,"parent":0,"menu_order":0,"comment_status":"closed","ping_status":"closed","template":"","meta":{"footnotes":""},"class_list":["post-1090","page","type-page","status-publish","hentry"],"aioseo_notices":[],"_links":{"self":[{"href":"https:\/\/seoframe.com\/es\/wp-json\/wp\/v2\/pages\/1090"}],"collection":[{"href":"https:\/\/seoframe.com\/es\/wp-json\/wp\/v2\/pages"}],"about":[{"href":"https:\/\/seoframe.com\/es\/wp-json\/wp\/v2\/types\/page"}],"author":[{"embeddable":true,"href":"https:\/\/seoframe.com\/es\/wp-json\/wp\/v2\/users\/1"}],"replies":[{"embeddable":true,"href":"https:\/\/seoframe.com\/es\/wp-json\/wp\/v2\/comments?post=1090"}],"version-history":[{"count":38,"href":"https:\/\/seoframe.com\/es\/wp-json\/wp\/v2\/pages\/1090\/revisions"}],"predecessor-version":[{"id":2476,"href":"https:\/\/seoframe.com\/es\/wp-json\/wp\/v2\/pages\/1090\/revisions\/2476"}],"wp:attachment":[{"href":"https:\/\/seoframe.com\/es\/wp-json\/wp\/v2\/media?parent=1090"}],"curies":[{"name":"wp","href":"https:\/\/api.w.org\/{rel}","templated":true}]}}